{"id":44,"date":"2025-04-21T10:34:57","date_gmt":"2025-04-21T13:34:57","guid":{"rendered":"http:\/\/buddhaclinic.cl.portalesdenegocios.com\/?page_id=44"},"modified":"2025-04-23T12:02:33","modified_gmt":"2025-04-23T15:02:33","slug":"bonus-corporal-gluteos","status":"publish","type":"page","link":"https:\/\/www.buddhaclinic.cl\/index.php\/bonus-corporal-gluteos\/","title":{"rendered":"Bonus: Corporal &amp; Gl\u00fateos"},"content":{"rendered":"<p>[et_pb_section fb_built=\u00bb1&#8243; _builder_version=\u00bb4.24.2&#8243; _module_preset=\u00bbdefault\u00bb background_image=\u00bbhttps:\/\/www.buddhaclinic.cl\/wp-content\/uploads\/2025\/04\/Somos-2.jpg\u00bb background_position=\u00bbtop_center\u00bb custom_padding=\u00bb||136px|||\u00bb bottom_divider_style=\u00bbwave2&#8243; bottom_divider_color=\u00bb#111111&#8243; global_colors_info=\u00bb{}\u00bb theme_builder_area=\u00bbpost_content\u00bb][\/et_pb_section][et_pb_section fb_built=\u00bb1&#8243; _builder_version=\u00bb4.24.2&#8243; _module_preset=\u00bbdefault\u00bb background_color=\u00bb#111111&#8243; custom_padding=\u00bb0px||100px|||\u00bb global_colors_info=\u00bb{}\u00bb theme_builder_area=\u00bbpost_content\u00bb][et_pb_row column_structure=\u00bb1_2,1_2&#8243; _builder_version=\u00bb4.24.2&#8243; _module_preset=\u00bbdefault\u00bb width=\u00bb87%\u00bb max_width=\u00bb100%\u00bb global_colors_info=\u00bb{}\u00bb theme_builder_area=\u00bbpost_content\u00bb][et_pb_column type=\u00bb1_2&#8243; _builder_version=\u00bb4.24.2&#8243; _module_preset=\u00bbdefault\u00bb global_colors_info=\u00bb{}\u00bb theme_builder_area=\u00bbpost_content\u00bb][et_pb_text _builder_version=\u00bb4.24.2&#8243; _module_preset=\u00bbdefault\u00bb text_font=\u00bbNunito||||||||\u00bb text_text_color=\u00bb#ffffff\u00bb link_text_color=\u00bb#a0a0a0&#8243; hover_enabled=\u00bb0&#8243; global_colors_info=\u00bb{}\u00bb theme_builder_area=\u00bbpost_content\u00bb sticky_enabled=\u00bb0&#8243;]<\/p>\n<p><span style=\"color: #000000; font-size: 18px;\"><a href=\"https:\/\/www.buddhaclinic.cl\/\" style=\"color: #000000;\"><strong>Inicio<\/strong> <\/a><\/span>\/ Bonus: Corporal &amp; Gl\u00fateos<\/p>\n<p>[\/et_pb_text][et_pb_text _builder_version=\u00bb4.24.2&#8243; _module_preset=\u00bbdefault\u00bb header_font=\u00bbMontserrat|700||on|||||\u00bb header_text_color=\u00bb#FFFFFF\u00bb hover_enabled=\u00bb0&#8243; global_colors_info=\u00bb{}\u00bb theme_builder_area=\u00bbpost_content\u00bb sticky_enabled=\u00bb0&#8243;]<\/p>\n<h1>BONUS: CORPORAL &amp; GL\u00daTEOS<\/h1>\n<p>[\/et_pb_text][\/et_pb_column][et_pb_column type=\u00bb1_2&#8243; _builder_version=\u00bb4.24.2&#8243; _module_preset=\u00bbdefault\u00bb global_colors_info=\u00bb{}\u00bb theme_builder_area=\u00bbpost_content\u00bb][\/et_pb_column][\/et_pb_row][et_pb_row column_structure=\u00bb1_3,1_3,1_3&#8243; _builder_version=\u00bb4.24.2&#8243; _module_preset=\u00bbdefault\u00bb width=\u00bb87%\u00bb max_width=\u00bb100%\u00bb global_colors_info=\u00bb{}\u00bb theme_builder_area=\u00bbpost_content\u00bb][et_pb_column type=\u00bb1_3&#8243; _builder_version=\u00bb4.24.2&#8243; _module_preset=\u00bbdefault\u00bb global_colors_info=\u00bb{}\u00bb theme_builder_area=\u00bbpost_content\u00bb][et_pb_image src=\u00bbhttps:\/\/www.buddhaclinic.cl\/wp-content\/uploads\/2025\/04\/CORPORAL-GLUTEOS.jpg\u00bb title_text=\u00bbCORPORAL-&#038;-GL\u00daTEOS\u00bb _builder_version=\u00bb4.24.2&#8243; _module_preset=\u00bbdefault\u00bb hover_enabled=\u00bb0&#8243; global_colors_info=\u00bb{}\u00bb theme_builder_area=\u00bbpost_content\u00bb sticky_enabled=\u00bb0&#8243;][\/et_pb_image][\/et_pb_column][et_pb_column type=\u00bb1_3&#8243; _builder_version=\u00bb4.24.2&#8243; _module_preset=\u00bbdefault\u00bb global_colors_info=\u00bb{}\u00bb theme_builder_area=\u00bbpost_content\u00bb][et_pb_text _builder_version=\u00bb4.24.2&#8243; _module_preset=\u00bbdefault\u00bb text_font=\u00bbNunito|300|||||||\u00bb text_font_size=\u00bb16px\u00bb header_2_font=\u00bbMontserrat|700|||||||\u00bb header_2_text_color=\u00bb#FFFFFF\u00bb header_2_line_height=\u00bb1.2em\u00bb custom_margin=\u00bb13px||15px|||\u00bb hover_enabled=\u00bb0&#8243; global_colors_info=\u00bb{}\u00bb theme_builder_area=\u00bbpost_content\u00bb sticky_enabled=\u00bb0&#8243;]<\/p>\n<h2>Moldea, reafirma y mejora volumen sin cirug\u00eda.<\/h2>\n<p>[\/et_pb_text][et_pb_divider color=\u00bbrgba(255,255,255,0.32)\u00bb _builder_version=\u00bb4.24.2&#8243; _module_preset=\u00bbdefault\u00bb global_colors_info=\u00bb{}\u00bb theme_builder_area=\u00bbpost_content\u00bb][\/et_pb_divider][et_pb_blurb title=\u00bbAumento de Gl\u00fateos con \u00c1cido Hialur\u00f3nico: \u00bb image=\u00bbhttps:\/\/www.buddhaclinic.cl\/wp-content\/uploads\/2025\/04\/cheque-1.png\u00bb icon_placement=\u00bbleft\u00bb content_max_width=\u00bb1032px\u00bb _builder_version=\u00bb4.24.2&#8243; _module_preset=\u00bbdefault\u00bb header_font=\u00bbMontserrat|700||on|||||\u00bb header_text_color=\u00bb#FFFFFF\u00bb header_font_size=\u00bb16px\u00bb header_line_height=\u00bb1.3em\u00bb body_font=\u00bbNunito|300|||||||\u00bb body_text_color=\u00bb#FFFFFF\u00bb hover_enabled=\u00bb0&#8243; global_colors_info=\u00bb{}\u00bb theme_builder_area=\u00bbpost_content\u00bb sticky_enabled=\u00bb0&#8243;]<\/p>\n<p>Relleno que da volumen y forma al gl\u00fateo de forma segura, con resultado natural y sin cirug\u00eda.<\/p>\n<p>[\/et_pb_blurb][et_pb_blurb title=\u00bbSculptra Gl\u00fateos:\u00bb image=\u00bbhttps:\/\/www.buddhaclinic.cl\/wp-content\/uploads\/2025\/04\/cheque-1.png\u00bb icon_placement=\u00bbleft\u00bb content_max_width=\u00bb1083px\u00bb _builder_version=\u00bb4.24.2&#8243; _module_preset=\u00bbdefault\u00bb header_font=\u00bbMontserrat|700||on|||||\u00bb header_text_color=\u00bb#FFFFFF\u00bb header_font_size=\u00bb16px\u00bb header_line_height=\u00bb1.3em\u00bb body_font=\u00bbNunito|300|||||||\u00bb body_text_color=\u00bb#FFFFFF\u00bb hover_enabled=\u00bb0&#8243; global_colors_info=\u00bb{}\u00bb theme_builder_area=\u00bbpost_content\u00bb sticky_enabled=\u00bb0&#8243;]<\/p>\n<p>Bioestimulaci\u00f3n que mejora firmeza, proyecci\u00f3n y calidad de piel en la zona gl\u00fatea.<\/p>\n<p>[\/et_pb_blurb][\/et_pb_column][et_pb_column type=\u00bb1_3&#8243; _builder_version=\u00bb4.24.2&#8243; _module_preset=\u00bbdefault\u00bb global_colors_info=\u00bb{}\u00bb theme_builder_area=\u00bbpost_content\u00bb][et_pb_sidebar area=\u00bbsidebar-3&#8243; _builder_version=\u00bb4.24.2&#8243; _module_preset=\u00bbdefault\u00bb global_colors_info=\u00bb{}\u00bb theme_builder_area=\u00bbpost_content\u00bb][\/et_pb_sidebar][\/et_pb_column][\/et_pb_row][et_pb_row column_structure=\u00bb1_3,1_3,1_3&#8243; use_custom_gutter=\u00bbon\u00bb gutter_width=\u00bb2&#8243; _builder_version=\u00bb4.24.2&#8243; _module_preset=\u00bbdefault\u00bb width=\u00bb87%\u00bb max_width=\u00bb100%\u00bb global_colors_info=\u00bb{}\u00bb theme_builder_area=\u00bbpost_content\u00bb][et_pb_column type=\u00bb1_3&#8243; _builder_version=\u00bb4.24.2&#8243; _module_preset=\u00bbdefault\u00bb global_colors_info=\u00bb{}\u00bb theme_builder_area=\u00bbpost_content\u00bb][\/et_pb_column][et_pb_column type=\u00bb1_3&#8243; _builder_version=\u00bb4.24.2&#8243; _module_preset=\u00bbdefault\u00bb global_colors_info=\u00bb{}\u00bb theme_builder_area=\u00bbpost_content\u00bb][\/et_pb_column][et_pb_column type=\u00bb1_3&#8243; _builder_version=\u00bb4.24.2&#8243; _module_preset=\u00bbdefault\u00bb global_colors_info=\u00bb{}\u00bb theme_builder_area=\u00bbpost_content\u00bb][\/et_pb_column][\/et_pb_row][\/et_pb_section]<\/p>\n","protected":false},"excerpt":{"rendered":"<p>Inicio \/ Bonus: Corporal &amp; Gl\u00fateosBONUS: CORPORAL &amp; GL\u00daTEOSMoldea, reafirma y mejora volumen sin cirug\u00eda.Relleno que da volumen y forma al gl\u00fateo de forma segura, con resultado natural y sin cirug\u00eda.Bioestimulaci\u00f3n que mejora firmeza, proyecci\u00f3n y calidad de piel en la zona gl\u00fatea.<\/p>\n","protected":false},"author":1,"featured_media":0,"parent":0,"menu_order":0,"comment_status":"closed","ping_status":"closed","template":"","meta":{"_et_pb_use_builder":"on","_et_pb_old_content":"<!-- wp:divi\/placeholder \/-->","_et_gb_content_width":"","footnotes":""},"class_list":["post-44","page","type-page","status-publish","hentry"],"yoast_head":"<!-- This site is optimized with the Yoast SEO plugin v27.3 - https:\/\/yoast.com\/product\/yoast-seo-wordpress\/ -->\n<title>Bonus: Corporal &amp; Gl\u00fateos - buddhacliniccl<\/title>\n<meta name=\"robots\" content=\"index, follow, max-snippet:-1, max-image-preview:large, max-video-preview:-1\" \/>\n<link rel=\"canonical\" href=\"https:\/\/www.buddhaclinic.cl\/index.php\/bonus-corporal-gluteos\/\" \/>\n<meta property=\"og:locale\" content=\"es_ES\" \/>\n<meta property=\"og:type\" content=\"article\" \/>\n<meta property=\"og:title\" content=\"Bonus: Corporal &amp; Gl\u00fateos - buddhacliniccl\" \/>\n<meta property=\"og:description\" content=\"Inicio \/ Bonus: Corporal &amp; Gl\u00fateosBONUS: CORPORAL &amp; GL\u00daTEOSMoldea, reafirma y mejora volumen sin cirug\u00eda.Relleno que da volumen y forma al gl\u00fateo de forma segura, con resultado natural y sin cirug\u00eda.Bioestimulaci\u00f3n que mejora firmeza, proyecci\u00f3n y calidad de piel en la zona gl\u00fatea.\" \/>\n<meta property=\"og:url\" content=\"https:\/\/www.buddhaclinic.cl\/index.php\/bonus-corporal-gluteos\/\" \/>\n<meta property=\"og:site_name\" content=\"buddhacliniccl\" \/>\n<meta property=\"article:modified_time\" content=\"2025-04-23T15:02:33+00:00\" \/>\n<meta name=\"twitter:card\" content=\"summary_large_image\" \/>\n<meta name=\"twitter:label1\" content=\"Tiempo de lectura\" \/>\n\t<meta name=\"twitter:data1\" content=\"3 minutos\" \/>\n<script type=\"application\/ld+json\" class=\"yoast-schema-graph\">{\"@context\":\"https:\\\/\\\/schema.org\",\"@graph\":[{\"@type\":\"WebPage\",\"@id\":\"https:\\\/\\\/www.buddhaclinic.cl\\\/index.php\\\/bonus-corporal-gluteos\\\/\",\"url\":\"https:\\\/\\\/www.buddhaclinic.cl\\\/index.php\\\/bonus-corporal-gluteos\\\/\",\"name\":\"Bonus: Corporal &amp; Gl\u00fateos - buddhacliniccl\",\"isPartOf\":{\"@id\":\"https:\\\/\\\/www.buddhaclinic.cl\\\/#website\"},\"datePublished\":\"2025-04-21T13:34:57+00:00\",\"dateModified\":\"2025-04-23T15:02:33+00:00\",\"breadcrumb\":{\"@id\":\"https:\\\/\\\/www.buddhaclinic.cl\\\/index.php\\\/bonus-corporal-gluteos\\\/#breadcrumb\"},\"inLanguage\":\"es\",\"potentialAction\":[{\"@type\":\"ReadAction\",\"target\":[\"https:\\\/\\\/www.buddhaclinic.cl\\\/index.php\\\/bonus-corporal-gluteos\\\/\"]}]},{\"@type\":\"BreadcrumbList\",\"@id\":\"https:\\\/\\\/www.buddhaclinic.cl\\\/index.php\\\/bonus-corporal-gluteos\\\/#breadcrumb\",\"itemListElement\":[{\"@type\":\"ListItem\",\"position\":1,\"name\":\"Portada\",\"item\":\"https:\\\/\\\/www.buddhaclinic.cl\\\/\"},{\"@type\":\"ListItem\",\"position\":2,\"name\":\"Bonus: Corporal &amp; Gl\u00fateos\"}]},{\"@type\":\"WebSite\",\"@id\":\"https:\\\/\\\/www.buddhaclinic.cl\\\/#website\",\"url\":\"https:\\\/\\\/www.buddhaclinic.cl\\\/\",\"name\":\"buddhacliniccl\",\"description\":\"\",\"potentialAction\":[{\"@type\":\"SearchAction\",\"target\":{\"@type\":\"EntryPoint\",\"urlTemplate\":\"https:\\\/\\\/www.buddhaclinic.cl\\\/?s={search_term_string}\"},\"query-input\":{\"@type\":\"PropertyValueSpecification\",\"valueRequired\":true,\"valueName\":\"search_term_string\"}}],\"inLanguage\":\"es\"}]}<\/script>\n<!-- \/ Yoast SEO plugin. -->","yoast_head_json":{"title":"Bonus: Corporal &amp; Gl\u00fateos - buddhacliniccl","robots":{"index":"index","follow":"follow","max-snippet":"max-snippet:-1","max-image-preview":"max-image-preview:large","max-video-preview":"max-video-preview:-1"},"canonical":"https:\/\/www.buddhaclinic.cl\/index.php\/bonus-corporal-gluteos\/","og_locale":"es_ES","og_type":"article","og_title":"Bonus: Corporal &amp; Gl\u00fateos - buddhacliniccl","og_description":"Inicio \/ Bonus: Corporal &amp; Gl\u00fateosBONUS: CORPORAL &amp; GL\u00daTEOSMoldea, reafirma y mejora volumen sin cirug\u00eda.Relleno que da volumen y forma al gl\u00fateo de forma segura, con resultado natural y sin cirug\u00eda.Bioestimulaci\u00f3n que mejora firmeza, proyecci\u00f3n y calidad de piel en la zona gl\u00fatea.","og_url":"https:\/\/www.buddhaclinic.cl\/index.php\/bonus-corporal-gluteos\/","og_site_name":"buddhacliniccl","article_modified_time":"2025-04-23T15:02:33+00:00","twitter_card":"summary_large_image","twitter_misc":{"Tiempo de lectura":"3 minutos"},"schema":{"@context":"https:\/\/schema.org","@graph":[{"@type":"WebPage","@id":"https:\/\/www.buddhaclinic.cl\/index.php\/bonus-corporal-gluteos\/","url":"https:\/\/www.buddhaclinic.cl\/index.php\/bonus-corporal-gluteos\/","name":"Bonus: Corporal &amp; Gl\u00fateos - buddhacliniccl","isPartOf":{"@id":"https:\/\/www.buddhaclinic.cl\/#website"},"datePublished":"2025-04-21T13:34:57+00:00","dateModified":"2025-04-23T15:02:33+00:00","breadcrumb":{"@id":"https:\/\/www.buddhaclinic.cl\/index.php\/bonus-corporal-gluteos\/#breadcrumb"},"inLanguage":"es","potentialAction":[{"@type":"ReadAction","target":["https:\/\/www.buddhaclinic.cl\/index.php\/bonus-corporal-gluteos\/"]}]},{"@type":"BreadcrumbList","@id":"https:\/\/www.buddhaclinic.cl\/index.php\/bonus-corporal-gluteos\/#breadcrumb","itemListElement":[{"@type":"ListItem","position":1,"name":"Portada","item":"https:\/\/www.buddhaclinic.cl\/"},{"@type":"ListItem","position":2,"name":"Bonus: Corporal &amp; Gl\u00fateos"}]},{"@type":"WebSite","@id":"https:\/\/www.buddhaclinic.cl\/#website","url":"https:\/\/www.buddhaclinic.cl\/","name":"buddhacliniccl","description":"","potentialAction":[{"@type":"SearchAction","target":{"@type":"EntryPoint","urlTemplate":"https:\/\/www.buddhaclinic.cl\/?s={search_term_string}"},"query-input":{"@type":"PropertyValueSpecification","valueRequired":true,"valueName":"search_term_string"}}],"inLanguage":"es"}]}},"_links":{"self":[{"href":"https:\/\/www.buddhaclinic.cl\/index.php\/wp-json\/wp\/v2\/pages\/44","targetHints":{"allow":["GET"]}}],"collection":[{"href":"https:\/\/www.buddhaclinic.cl\/index.php\/wp-json\/wp\/v2\/pages"}],"about":[{"href":"https:\/\/www.buddhaclinic.cl\/index.php\/wp-json\/wp\/v2\/types\/page"}],"author":[{"embeddable":true,"href":"https:\/\/www.buddhaclinic.cl\/index.php\/wp-json\/wp\/v2\/users\/1"}],"replies":[{"embeddable":true,"href":"https:\/\/www.buddhaclinic.cl\/index.php\/wp-json\/wp\/v2\/comments?post=44"}],"version-history":[{"count":4,"href":"https:\/\/www.buddhaclinic.cl\/index.php\/wp-json\/wp\/v2\/pages\/44\/revisions"}],"predecessor-version":[{"id":214,"href":"https:\/\/www.buddhaclinic.cl\/index.php\/wp-json\/wp\/v2\/pages\/44\/revisions\/214"}],"wp:attachment":[{"href":"https:\/\/www.buddhaclinic.cl\/index.php\/wp-json\/wp\/v2\/media?parent=44"}],"curies":[{"name":"wp","href":"https:\/\/api.w.org\/{rel}","templated":true}]}}