{"id":38,"date":"2025-04-21T10:32:15","date_gmt":"2025-04-21T13:32:15","guid":{"rendered":"http:\/\/buddhaclinic.cl.portalesdenegocios.com\/?page_id=38"},"modified":"2025-09-27T22:58:09","modified_gmt":"2025-09-28T01:58:09","slug":"tecnologia-estetica","status":"publish","type":"page","link":"https:\/\/www.buddhaclinic.cl\/index.php\/tecnologia-estetica\/","title":{"rendered":"Tecnolog\u00eda Est\u00e9tica"},"content":{"rendered":"<p>[et_pb_section fb_built=\u00bb1&#8243; _builder_version=\u00bb4.24.2&#8243; _module_preset=\u00bbdefault\u00bb background_image=\u00bbhttps:\/\/www.buddhaclinic.cl\/wp-content\/uploads\/2025\/04\/Somos-2.jpg\u00bb background_position=\u00bbtop_center\u00bb custom_padding=\u00bb||136px|||\u00bb bottom_divider_style=\u00bbwave2&#8243; bottom_divider_color=\u00bb#111111&#8243; global_colors_info=\u00bb{}\u00bb][\/et_pb_section][et_pb_section fb_built=\u00bb1&#8243; _builder_version=\u00bb4.24.2&#8243; _module_preset=\u00bbdefault\u00bb background_color=\u00bb#111111&#8243; custom_padding=\u00bb0px||100px|||\u00bb global_colors_info=\u00bb{}\u00bb][et_pb_row column_structure=\u00bb1_2,1_2&#8243; _builder_version=\u00bb4.24.2&#8243; _module_preset=\u00bbdefault\u00bb width=\u00bb87%\u00bb max_width=\u00bb100%\u00bb global_colors_info=\u00bb{}\u00bb][et_pb_column type=\u00bb1_2&#8243; _builder_version=\u00bb4.24.2&#8243; _module_preset=\u00bbdefault\u00bb global_colors_info=\u00bb{}\u00bb][et_pb_text _builder_version=\u00bb4.24.2&#8243; _module_preset=\u00bbdefault\u00bb text_font=\u00bbNunito||||||||\u00bb text_text_color=\u00bb#ffffff\u00bb link_text_color=\u00bb#a0a0a0&#8243; global_colors_info=\u00bb{}\u00bb]<\/p>\n<p><span style=\"color: #000000; font-size: 18px;\"><a href=\"https:\/\/www.buddhaclinic.cl\/\" style=\"color: #000000;\"><strong>Inicio<\/strong> <\/a><\/span>\/ Tecnolog\u00eda Est\u00e9tica<\/p>\n<p>[\/et_pb_text][et_pb_text _builder_version=\u00bb4.24.2&#8243; _module_preset=\u00bbdefault\u00bb header_font=\u00bbMontserrat|700||on|||||\u00bb header_text_color=\u00bb#FFFFFF\u00bb global_colors_info=\u00bb{}\u00bb]<\/p>\n<h1>TECNOLOG\u00cdA EST\u00c9TICA<\/h1>\n<p>[\/et_pb_text][\/et_pb_column][et_pb_column type=\u00bb1_2&#8243; _builder_version=\u00bb4.24.2&#8243; _module_preset=\u00bbdefault\u00bb global_colors_info=\u00bb{}\u00bb][\/et_pb_column][\/et_pb_row][et_pb_row column_structure=\u00bb1_3,1_3,1_3&#8243; _builder_version=\u00bb4.24.2&#8243; _module_preset=\u00bbdefault\u00bb width=\u00bb87%\u00bb max_width=\u00bb100%\u00bb global_colors_info=\u00bb{}\u00bb][et_pb_column type=\u00bb1_3&#8243; _builder_version=\u00bb4.24.2&#8243; _module_preset=\u00bbdefault\u00bb global_colors_info=\u00bb{}\u00bb][et_pb_image src=\u00bbhttps:\/\/www.buddhaclinic.cl\/wp-content\/uploads\/2025\/04\/Tecnlogia-estetica.jpg\u00bb title_text=\u00bbTecnlog\u00eda-est\u00e9tica\u00bb _builder_version=\u00bb4.24.2&#8243; _module_preset=\u00bbdefault\u00bb global_colors_info=\u00bb{}\u00bb][\/et_pb_image][et_pb_blurb title=\u00bbExilite IPL:\u00bb image=\u00bbhttps:\/\/www.buddhaclinic.cl\/wp-content\/uploads\/2025\/04\/cheque-1.png\u00bb icon_placement=\u00bbleft\u00bb content_max_width=\u00bb1083px\u00bb disabled_on=\u00bbon|off|off\u00bb _builder_version=\u00bb4.24.2&#8243; _module_preset=\u00bbdefault\u00bb header_font=\u00bbMontserrat|700||on|||||\u00bb header_text_color=\u00bb#FFFFFF\u00bb header_font_size=\u00bb16px\u00bb header_line_height=\u00bb1.3em\u00bb body_font=\u00bbNunito|300|||||||\u00bb body_text_color=\u00bb#FFFFFF\u00bb global_colors_info=\u00bb{}\u00bb]<\/p>\n<p>Trata manchas, ros\u00e1cea, acn\u00e9 y permite depilaci\u00f3n progresiva.<\/p>\n<p>[\/et_pb_blurb][et_pb_blurb title=\u00bbEndol\u00e1ser Corporal:\u00bb image=\u00bbhttps:\/\/www.buddhaclinic.cl\/wp-content\/uploads\/2025\/04\/cheque-1.png\u00bb icon_placement=\u00bbleft\u00bb content_max_width=\u00bb1083px\u00bb disabled_on=\u00bbon|off|off\u00bb _builder_version=\u00bb4.24.2&#8243; _module_preset=\u00bbdefault\u00bb header_font=\u00bbMontserrat|700||on|||||\u00bb header_text_color=\u00bb#FFFFFF\u00bb header_font_size=\u00bb16px\u00bb header_line_height=\u00bb1.3em\u00bb body_font=\u00bbNunito|300|||||||\u00bb body_text_color=\u00bb#FFFFFF\u00bb global_colors_info=\u00bb{}\u00bb]<\/p>\n<p>Moldea y tensa zonas con grasa localizada, sin cirug\u00eda.<\/p>\n<p>[\/et_pb_blurb][\/et_pb_column][et_pb_column type=\u00bb1_3&#8243; _builder_version=\u00bb4.24.2&#8243; _module_preset=\u00bbdefault\u00bb global_colors_info=\u00bb{}\u00bb][et_pb_text _builder_version=\u00bb4.24.2&#8243; _module_preset=\u00bbdefault\u00bb text_font=\u00bbNunito|300|||||||\u00bb text_font_size=\u00bb16px\u00bb header_2_font=\u00bbMontserrat|700|||||||\u00bb header_2_text_color=\u00bb#FFFFFF\u00bb header_2_line_height=\u00bb1.2em\u00bb custom_margin=\u00bb13px||15px|||\u00bb global_colors_info=\u00bb{}\u00bb]<\/p>\n<h2>Resultados visibles sin agujas ni tiempo de recuperaci\u00f3n.<\/h2>\n<p>[\/et_pb_text][et_pb_divider color=\u00bbrgba(255,255,255,0.32)\u00bb _builder_version=\u00bb4.24.2&#8243; _module_preset=\u00bbdefault\u00bb global_colors_info=\u00bb{}\u00bb][\/et_pb_divider][et_pb_blurb title=\u00bbEmface:\u00bb image=\u00bbhttps:\/\/www.buddhaclinic.cl\/wp-content\/uploads\/2025\/04\/cheque-1.png\u00bb icon_placement=\u00bbleft\u00bb content_max_width=\u00bb1032px\u00bb _builder_version=\u00bb4.24.2&#8243; _module_preset=\u00bbdefault\u00bb header_font=\u00bbMontserrat|700||on|||||\u00bb header_text_color=\u00bb#FFFFFF\u00bb header_font_size=\u00bb16px\u00bb header_line_height=\u00bb1.3em\u00bb body_font=\u00bbNunito|300|||||||\u00bb body_text_color=\u00bb#FFFFFF\u00bb global_colors_info=\u00bb{}\u00bb]<\/p>\n<p>Eleva y tonifica el rostro sin cirug\u00eda con radiofrecuencia y estimulaci\u00f3n muscular.<\/p>\n<p>[\/et_pb_blurb][et_pb_blurb title=\u00bbExion Facial y Corporal:\u00bb image=\u00bbhttps:\/\/www.buddhaclinic.cl\/wp-content\/uploads\/2025\/04\/cheque-1.png\u00bb icon_placement=\u00bbleft\u00bb content_max_width=\u00bb1083px\u00bb _builder_version=\u00bb4.24.2&#8243; _module_preset=\u00bbdefault\u00bb header_font=\u00bbMontserrat|700||on|||||\u00bb header_text_color=\u00bb#FFFFFF\u00bb header_font_size=\u00bb16px\u00bb header_line_height=\u00bb1.3em\u00bb body_font=\u00bbNunito|300|||||||\u00bb body_text_color=\u00bb#FFFFFF\u00bb global_colors_info=\u00bb{}\u00bb]<\/p>\n<p>Mejora firmeza, textura y contorno en rostro y cuerpo.<\/p>\n<p>[\/et_pb_blurb][et_pb_blurb title=\u00bbExion Fraccionado:\u00bb image=\u00bbhttps:\/\/www.buddhaclinic.cl\/wp-content\/uploads\/2025\/04\/cheque-1.png\u00bb icon_placement=\u00bbleft\u00bb content_max_width=\u00bb1083px\u00bb _builder_version=\u00bb4.24.2&#8243; _module_preset=\u00bbdefault\u00bb header_font=\u00bbMontserrat|700||on|||||\u00bb header_text_color=\u00bb#FFFFFF\u00bb header_font_size=\u00bb16px\u00bb header_line_height=\u00bb1.3em\u00bb body_font=\u00bbNunito|300|||||||\u00bb body_text_color=\u00bb#FFFFFF\u00bb global_colors_info=\u00bb{}\u00bb]<\/p>\n<p>Ideal para arrugas, poros, cicatrices. Con exosomas potencia a\u00fan m\u00e1s los resultados.<\/p>\n<p>[\/et_pb_blurb][et_pb_blurb title=\u00bbEXOMIND\u00bb image=\u00bbhttps:\/\/www.buddhaclinic.cl\/wp-content\/uploads\/2025\/04\/cheque-1.png\u00bb icon_placement=\u00bbleft\u00bb content_max_width=\u00bb1083px\u00bb _builder_version=\u00bb4.27.4&#8243; _module_preset=\u00bbdefault\u00bb header_font=\u00bbMontserrat|700||on|||||\u00bb header_text_color=\u00bb#FFFFFF\u00bb header_font_size=\u00bb16px\u00bb header_line_height=\u00bb1.3em\u00bb body_font=\u00bbNunito|300|||||||\u00bb body_text_color=\u00bb#FFFFFF\u00bb hover_enabled=\u00bb0&#8243; global_colors_info=\u00bb{}\u00bb sticky_enabled=\u00bb0&#8243;]<\/p>\n<p>Tratamiento no invasivo para el bienestar mental, reduce ansiedad, Burn out e insomnio\u00a0<\/p>\n<p>[\/et_pb_blurb][et_pb_blurb title=\u00bbHollywood Peel:\u00bb image=\u00bbhttps:\/\/www.buddhaclinic.cl\/wp-content\/uploads\/2025\/04\/cheque-1.png\u00bb icon_placement=\u00bbleft\u00bb content_max_width=\u00bb1083px\u00bb _builder_version=\u00bb4.24.2&#8243; _module_preset=\u00bbdefault\u00bb header_font=\u00bbMontserrat|700||on|||||\u00bb header_text_color=\u00bb#FFFFFF\u00bb header_font_size=\u00bb16px\u00bb header_line_height=\u00bb1.3em\u00bb body_font=\u00bbNunito|300|||||||\u00bb body_text_color=\u00bb#FFFFFF\u00bb global_colors_info=\u00bb{}\u00bb]<\/p>\n<p>Limpieza profunda con efecto glow inmediato.<\/p>\n<p>[\/et_pb_blurb][et_pb_blurb title=\u00bbL\u00e1ser ME:\u00bb image=\u00bbhttps:\/\/www.buddhaclinic.cl\/wp-content\/uploads\/2025\/04\/cheque-1.png\u00bb icon_placement=\u00bbleft\u00bb content_max_width=\u00bb1083px\u00bb _builder_version=\u00bb4.24.2&#8243; _module_preset=\u00bbdefault\u00bb header_font=\u00bbMontserrat|700||on|||||\u00bb header_text_color=\u00bb#FFFFFF\u00bb header_font_size=\u00bb16px\u00bb header_line_height=\u00bb1.3em\u00bb body_font=\u00bbNunito|300|||||||\u00bb body_text_color=\u00bb#FFFFFF\u00bb global_colors_info=\u00bb{}\u00bb]<\/p>\n<p>Rejuvenecimiento sin da\u00f1ar la piel. Ideal para manchas, textura y arrugas finas.<\/p>\n<p>[\/et_pb_blurb][et_pb_blurb title=\u00bbEndolifting Rostro\/Papada:\u00bb image=\u00bbhttps:\/\/www.buddhaclinic.cl\/wp-content\/uploads\/2025\/04\/cheque-1.png\u00bb icon_placement=\u00bbleft\u00bb content_max_width=\u00bb1083px\u00bb _builder_version=\u00bb4.24.2&#8243; _module_preset=\u00bbdefault\u00bb header_font=\u00bbMontserrat|700||on|||||\u00bb header_text_color=\u00bb#FFFFFF\u00bb header_font_size=\u00bb16px\u00bb header_line_height=\u00bb1.3em\u00bb body_font=\u00bbNunito|300|||||||\u00bb body_text_color=\u00bb#FFFFFF\u00bb global_colors_info=\u00bb{}\u00bb]<\/p>\n<p>Rejuvenecimiento con l\u00e1ser desde adentro, sin cicatrices.<\/p>\n<p>[\/et_pb_blurb][et_pb_blurb title=\u00bbProSculpt:\u00bb image=\u00bbhttps:\/\/www.buddhaclinic.cl\/wp-content\/uploads\/2025\/04\/cheque-1.png\u00bb icon_placement=\u00bbleft\u00bb content_max_width=\u00bb1083px\u00bb _builder_version=\u00bb4.24.2&#8243; _module_preset=\u00bbdefault\u00bb header_font=\u00bbMontserrat|700||on|||||\u00bb header_text_color=\u00bb#FFFFFF\u00bb header_font_size=\u00bb16px\u00bb header_line_height=\u00bb1.3em\u00bb body_font=\u00bbNunito|300|||||||\u00bb body_text_color=\u00bb#FFFFFF\u00bb global_colors_info=\u00bb{}\u00bb]<\/p>\n<p>Reduce grasa y define m\u00fasculos de forma no invasiva.<\/p>\n<p>[\/et_pb_blurb][et_pb_blurb title=\u00bbExilite IPL:\u00bb image=\u00bbhttps:\/\/www.buddhaclinic.cl\/wp-content\/uploads\/2025\/04\/cheque-1.png\u00bb icon_placement=\u00bbleft\u00bb content_max_width=\u00bb1083px\u00bb disabled_on=\u00bboff|on|on\u00bb _builder_version=\u00bb4.24.2&#8243; _module_preset=\u00bbdefault\u00bb header_font=\u00bbMontserrat|700||on|||||\u00bb header_text_color=\u00bb#FFFFFF\u00bb header_font_size=\u00bb16px\u00bb header_line_height=\u00bb1.3em\u00bb body_font=\u00bbNunito|300|||||||\u00bb body_text_color=\u00bb#FFFFFF\u00bb global_colors_info=\u00bb{}\u00bb]<\/p>\n<p>Trata manchas, ros\u00e1cea, acn\u00e9 y permite depilaci\u00f3n progresiva.<\/p>\n<p>[\/et_pb_blurb][et_pb_blurb title=\u00bbEndol\u00e1ser Corporal:\u00bb image=\u00bbhttps:\/\/www.buddhaclinic.cl\/wp-content\/uploads\/2025\/04\/cheque-1.png\u00bb icon_placement=\u00bbleft\u00bb content_max_width=\u00bb1083px\u00bb disabled_on=\u00bboff|on|on\u00bb _builder_version=\u00bb4.24.2&#8243; _module_preset=\u00bbdefault\u00bb header_font=\u00bbMontserrat|700||on|||||\u00bb header_text_color=\u00bb#FFFFFF\u00bb header_font_size=\u00bb16px\u00bb header_line_height=\u00bb1.3em\u00bb body_font=\u00bbNunito|300|||||||\u00bb body_text_color=\u00bb#FFFFFF\u00bb global_colors_info=\u00bb{}\u00bb]<\/p>\n<p>Moldea y tensa zonas con grasa localizada, sin cirug\u00eda.<\/p>\n<p>[\/et_pb_blurb][\/et_pb_column][et_pb_column type=\u00bb1_3&#8243; _builder_version=\u00bb4.24.2&#8243; _module_preset=\u00bbdefault\u00bb global_colors_info=\u00bb{}\u00bb][et_pb_sidebar area=\u00bbsidebar-3&#8243; _builder_version=\u00bb4.24.2&#8243; _module_preset=\u00bbdefault\u00bb global_colors_info=\u00bb{}\u00bb][\/et_pb_sidebar][\/et_pb_column][\/et_pb_row][et_pb_row column_structure=\u00bb1_3,1_3,1_3&#8243; _builder_version=\u00bb4.24.2&#8243; _module_preset=\u00bbdefault\u00bb width=\u00bb87%\u00bb max_width=\u00bb100%\u00bb global_colors_info=\u00bb{}\u00bb][et_pb_column type=\u00bb1_3&#8243; _builder_version=\u00bb4.24.2&#8243; _module_preset=\u00bbdefault\u00bb global_colors_info=\u00bb{}\u00bb][et_pb_text _builder_version=\u00bb4.24.2&#8243; _module_preset=\u00bbdefault\u00bb text_font=\u00bbMontserrat|700|||||||\u00bb text_text_color=\u00bb#FFFFFF\u00bb text_font_size=\u00bb26px\u00bb text_line_height=\u00bb1.2em\u00bb header_2_font=\u00bbMontserrat|700|||||||\u00bb header_2_text_color=\u00bb#FFFFFF\u00bb header_2_line_height=\u00bb1.2em\u00bb custom_margin=\u00bb13px||15px|||\u00bb global_colors_info=\u00bb{}\u00bb]<\/p>\n<p>EMFACE<\/p>\n<p>[\/et_pb_text][et_pb_image src=\u00bbhttps:\/\/www.buddhaclinic.cl\/wp-content\/uploads\/2025\/04\/1-13.jpg\u00bb title_text=\u00bb1&#8243; _builder_version=\u00bb4.24.2&#8243; _module_preset=\u00bbdefault\u00bb global_colors_info=\u00bb{}\u00bb][\/et_pb_image][\/et_pb_column][et_pb_column type=\u00bb1_3&#8243; _builder_version=\u00bb4.24.2&#8243; _module_preset=\u00bbdefault\u00bb global_colors_info=\u00bb{}\u00bb][et_pb_text _builder_version=\u00bb4.24.2&#8243; _module_preset=\u00bbdefault\u00bb text_font=\u00bbMontserrat|700|||||||\u00bb text_text_color=\u00bb#FFFFFF\u00bb text_font_size=\u00bb26px\u00bb text_line_height=\u00bb1.2em\u00bb header_2_font=\u00bbMontserrat|700|||||||\u00bb header_2_text_color=\u00bb#FFFFFF\u00bb header_2_line_height=\u00bb1.2em\u00bb custom_margin=\u00bb13px||15px|||\u00bb global_colors_info=\u00bb{}\u00bb]<\/p>\n<p><strong>EXILITE<\/strong><\/p>\n<p>[\/et_pb_text][et_pb_image src=\u00bbhttps:\/\/www.buddhaclinic.cl\/wp-content\/uploads\/2025\/04\/1-14.jpg\u00bb title_text=\u00bb1&#8243; _builder_version=\u00bb4.24.2&#8243; _module_preset=\u00bbdefault\u00bb global_colors_info=\u00bb{}\u00bb][\/et_pb_image][\/et_pb_column][et_pb_column type=\u00bb1_3&#8243; _builder_version=\u00bb4.24.2&#8243; _module_preset=\u00bbdefault\u00bb global_colors_info=\u00bb{}\u00bb][et_pb_text _builder_version=\u00bb4.24.2&#8243; _module_preset=\u00bbdefault\u00bb text_font=\u00bbMontserrat|700|||||||\u00bb text_text_color=\u00bb#FFFFFF\u00bb text_font_size=\u00bb26px\u00bb text_line_height=\u00bb1.2em\u00bb header_2_font=\u00bbMontserrat|700|||||||\u00bb header_2_text_color=\u00bb#FFFFFF\u00bb header_2_line_height=\u00bb1.2em\u00bb custom_margin=\u00bb13px||15px|||\u00bb global_colors_info=\u00bb{}\u00bb]<\/p>\n<p><strong>ENDOLASER<\/strong><\/p>\n<p>[\/et_pb_text][et_pb_code _builder_version=\u00bb4.24.2&#8243; _module_preset=\u00bbdefault\u00bb text_orientation=\u00bbcenter\u00bb module_alignment=\u00bbcenter\u00bb global_colors_info=\u00bb{}\u00bb]\n\t\t\t\n\t<style type=\"text\/css\">\n\t\t.slider-info-223.bafg-slider-info .bafg-slider-title {\n\t\t\t\t\t\t\tfont-size:\n\t\t\t\t\t22px\t\t\t\t;\n\t\t\t\n\t\t\t\n\t\t\t\t\t}\n\n\t\t.slider-info-223.bafg-slider-info .bafg-slider-description {\n\t\t\t\n\t\t\t\n\t\t\t\t\t}\n\t\t\n\t\t\n\t\t.slider-info-223.bafg-slider-info .bafg_slider_readmore_button {\n\t\t\t\n\t\t\t\n\t\t\t\n\t\t\t\n\t\t\t\n\t\t\ttext-align: center;\n\n\t\t\t\n\t\t\t\n\t\t\t\n\t\t\t\n\t\t\t\t\t}\n\n\t\t.slider-info-223.bafg-slider-info .bafg_slider_readmore_button:hover {\n\n\t\t\t\n\t\t\t\n\t\t\t\t\t}\n\t<\/style>\n\t\n\t\t\t<div class=\"bafg-twentytwenty-container slider-223  \"\n\t\t\t\tbafg-orientation=\"horizontal\" bafg-default-offset=\"0.5\"\n\t\t\t\tbafg-before-label=\"Antes\"\n\t\t\t\tbafg-after-label=\"Despu\u00e9s\" bafg-overlay=\"1\"\n\t\t\t\tbafg-move-slider-on-hover=\"\"\n\t\t\t\tbafg-click-to-move=\"\">\n\n\t\t\t\t\t\t\t\t<img class=\"skip-lazy\" data-skip-lazy\t\t\t\t\tsrc=\"https:\/\/www.buddhaclinic.cl\/wp-content\/uploads\/2025\/04\/1.jpg\" alt=\"Antes\">\n\t\t\t\t<img class=\"skip-lazy\" data-skip-lazy\t\t\t\t\tsrc=\"https:\/\/www.buddhaclinic.cl\/wp-content\/uploads\/2025\/04\/2.jpg\" alt=\"Despu\u00e9s\">\n\n\t\t\t<\/div>\n\n\t\t\t\t<div class=\"bafg-slider-info-wraper\">\n\t\t<div style=\"\" class=\"slider-info-223 bafg-slider-info\">\n\t\t\t\t\t<\/div>\n\t<\/div>\n\t\n\t\t\t<style type=\"text\/css\">\n\t\t\t\t\t\t\t\t\t\t\t<\/style>\n\t\t\t[\/et_pb_code][\/et_pb_column][\/et_pb_row][et_pb_row _builder_version=\u00bb4.24.2&#8243; _module_preset=\u00bbdefault\u00bb custom_margin=\u00bb74px|auto||auto||\u00bb global_colors_info=\u00bb{}\u00bb][et_pb_column type=\u00bb4_4&#8243; _builder_version=\u00bb4.24.2&#8243; _module_preset=\u00bbdefault\u00bb global_colors_info=\u00bb{}\u00bb][et_pb_blurb title=\u00bbVer m\u00e1s\u00bb use_icon=\u00bbon\u00bb font_icon=\u00bb&#xe09a;||divi||400&#8243; icon_color=\u00bb#FFFFFF\u00bb content_max_width=\u00bb1083px\u00bb _builder_version=\u00bb4.24.2&#8243; _module_preset=\u00bbdefault\u00bb header_font=\u00bbMontserrat|700||on|||||\u00bb header_text_align=\u00bbcenter\u00bb header_text_color=\u00bb#FFFFFF\u00bb header_font_size=\u00bb16px\u00bb header_line_height=\u00bb1.3em\u00bb body_font=\u00bbNunito|300|||||||\u00bb body_text_color=\u00bb#FFFFFF\u00bb link_option_url=\u00bbhttps:\/\/www.instagram.com\/buddhaclinic\/\u00bb link_option_url_new_window=\u00bbon\u00bb global_colors_info=\u00bb{}\u00bb]<\/p>\n<p style=\"text-align: center;\"><span>@Buddhaclinic<\/span><\/p>\n<p>[\/et_pb_blurb][\/et_pb_column][\/et_pb_row][\/et_pb_section]<\/p>\n","protected":false},"excerpt":{"rendered":"<p>Inicio \/ Tecnolog\u00eda Est\u00e9ticaTECNOLOG\u00cdA EST\u00c9TICATrata manchas, ros\u00e1cea, acn\u00e9 y permite depilaci\u00f3n progresiva.Moldea y tensa zonas con grasa localizada, sin cirug\u00eda.Resultados visibles sin agujas ni tiempo de recuperaci\u00f3n.Eleva y tonifica el rostro sin cirug\u00eda con radiofrecuencia y estimulaci\u00f3n muscular.Mejora firmeza, textura y contorno en rostro y cuerpo.Ideal para arrugas, poros, cicatrices. Con exosomas potencia a\u00fan m\u00e1s [&hellip;]<\/p>\n","protected":false},"author":1,"featured_media":0,"parent":0,"menu_order":0,"comment_status":"closed","ping_status":"closed","template":"","meta":{"_et_pb_use_builder":"on","_et_pb_old_content":"<!-- wp:divi\/placeholder \/-->","_et_gb_content_width":"","footnotes":""},"class_list":["post-38","page","type-page","status-publish","hentry"],"yoast_head":"<!-- This site is optimized with the Yoast SEO plugin v27.3 - https:\/\/yoast.com\/product\/yoast-seo-wordpress\/ -->\n<title>Tecnolog\u00eda Est\u00e9tica - buddhacliniccl<\/title>\n<meta name=\"robots\" content=\"index, follow, max-snippet:-1, max-image-preview:large, max-video-preview:-1\" \/>\n<link rel=\"canonical\" href=\"https:\/\/www.buddhaclinic.cl\/index.php\/tecnologia-estetica\/\" \/>\n<meta property=\"og:locale\" content=\"es_ES\" \/>\n<meta property=\"og:type\" content=\"article\" \/>\n<meta property=\"og:title\" content=\"Tecnolog\u00eda Est\u00e9tica - buddhacliniccl\" \/>\n<meta property=\"og:description\" content=\"Inicio \/ Tecnolog\u00eda Est\u00e9ticaTECNOLOG\u00cdA EST\u00c9TICATrata manchas, ros\u00e1cea, acn\u00e9 y permite depilaci\u00f3n progresiva.Moldea y tensa zonas con grasa localizada, sin cirug\u00eda.Resultados visibles sin agujas ni tiempo de recuperaci\u00f3n.Eleva y tonifica el rostro sin cirug\u00eda con radiofrecuencia y estimulaci\u00f3n muscular.Mejora firmeza, textura y contorno en rostro y cuerpo.Ideal para arrugas, poros, cicatrices. Con exosomas potencia a\u00fan m\u00e1s [&hellip;]\" \/>\n<meta property=\"og:url\" content=\"https:\/\/www.buddhaclinic.cl\/index.php\/tecnologia-estetica\/\" \/>\n<meta property=\"og:site_name\" content=\"buddhacliniccl\" \/>\n<meta property=\"article:modified_time\" content=\"2025-09-28T01:58:09+00:00\" \/>\n<meta name=\"twitter:card\" content=\"summary_large_image\" \/>\n<meta name=\"twitter:label1\" content=\"Tiempo de lectura\" \/>\n\t<meta name=\"twitter:data1\" content=\"8 minutos\" \/>\n<script type=\"application\/ld+json\" class=\"yoast-schema-graph\">{\"@context\":\"https:\\\/\\\/schema.org\",\"@graph\":[{\"@type\":\"WebPage\",\"@id\":\"https:\\\/\\\/www.buddhaclinic.cl\\\/index.php\\\/tecnologia-estetica\\\/\",\"url\":\"https:\\\/\\\/www.buddhaclinic.cl\\\/index.php\\\/tecnologia-estetica\\\/\",\"name\":\"Tecnolog\u00eda Est\u00e9tica - buddhacliniccl\",\"isPartOf\":{\"@id\":\"https:\\\/\\\/www.buddhaclinic.cl\\\/#website\"},\"datePublished\":\"2025-04-21T13:32:15+00:00\",\"dateModified\":\"2025-09-28T01:58:09+00:00\",\"breadcrumb\":{\"@id\":\"https:\\\/\\\/www.buddhaclinic.cl\\\/index.php\\\/tecnologia-estetica\\\/#breadcrumb\"},\"inLanguage\":\"es\",\"potentialAction\":[{\"@type\":\"ReadAction\",\"target\":[\"https:\\\/\\\/www.buddhaclinic.cl\\\/index.php\\\/tecnologia-estetica\\\/\"]}]},{\"@type\":\"BreadcrumbList\",\"@id\":\"https:\\\/\\\/www.buddhaclinic.cl\\\/index.php\\\/tecnologia-estetica\\\/#breadcrumb\",\"itemListElement\":[{\"@type\":\"ListItem\",\"position\":1,\"name\":\"Portada\",\"item\":\"https:\\\/\\\/www.buddhaclinic.cl\\\/\"},{\"@type\":\"ListItem\",\"position\":2,\"name\":\"Tecnolog\u00eda Est\u00e9tica\"}]},{\"@type\":\"WebSite\",\"@id\":\"https:\\\/\\\/www.buddhaclinic.cl\\\/#website\",\"url\":\"https:\\\/\\\/www.buddhaclinic.cl\\\/\",\"name\":\"buddhacliniccl\",\"description\":\"\",\"potentialAction\":[{\"@type\":\"SearchAction\",\"target\":{\"@type\":\"EntryPoint\",\"urlTemplate\":\"https:\\\/\\\/www.buddhaclinic.cl\\\/?s={search_term_string}\"},\"query-input\":{\"@type\":\"PropertyValueSpecification\",\"valueRequired\":true,\"valueName\":\"search_term_string\"}}],\"inLanguage\":\"es\"}]}<\/script>\n<!-- \/ Yoast SEO plugin. -->","yoast_head_json":{"title":"Tecnolog\u00eda Est\u00e9tica - buddhacliniccl","robots":{"index":"index","follow":"follow","max-snippet":"max-snippet:-1","max-image-preview":"max-image-preview:large","max-video-preview":"max-video-preview:-1"},"canonical":"https:\/\/www.buddhaclinic.cl\/index.php\/tecnologia-estetica\/","og_locale":"es_ES","og_type":"article","og_title":"Tecnolog\u00eda Est\u00e9tica - buddhacliniccl","og_description":"Inicio \/ Tecnolog\u00eda Est\u00e9ticaTECNOLOG\u00cdA EST\u00c9TICATrata manchas, ros\u00e1cea, acn\u00e9 y permite depilaci\u00f3n progresiva.Moldea y tensa zonas con grasa localizada, sin cirug\u00eda.Resultados visibles sin agujas ni tiempo de recuperaci\u00f3n.Eleva y tonifica el rostro sin cirug\u00eda con radiofrecuencia y estimulaci\u00f3n muscular.Mejora firmeza, textura y contorno en rostro y cuerpo.Ideal para arrugas, poros, cicatrices. Con exosomas potencia a\u00fan m\u00e1s [&hellip;]","og_url":"https:\/\/www.buddhaclinic.cl\/index.php\/tecnologia-estetica\/","og_site_name":"buddhacliniccl","article_modified_time":"2025-09-28T01:58:09+00:00","twitter_card":"summary_large_image","twitter_misc":{"Tiempo de lectura":"8 minutos"},"schema":{"@context":"https:\/\/schema.org","@graph":[{"@type":"WebPage","@id":"https:\/\/www.buddhaclinic.cl\/index.php\/tecnologia-estetica\/","url":"https:\/\/www.buddhaclinic.cl\/index.php\/tecnologia-estetica\/","name":"Tecnolog\u00eda Est\u00e9tica - buddhacliniccl","isPartOf":{"@id":"https:\/\/www.buddhaclinic.cl\/#website"},"datePublished":"2025-04-21T13:32:15+00:00","dateModified":"2025-09-28T01:58:09+00:00","breadcrumb":{"@id":"https:\/\/www.buddhaclinic.cl\/index.php\/tecnologia-estetica\/#breadcrumb"},"inLanguage":"es","potentialAction":[{"@type":"ReadAction","target":["https:\/\/www.buddhaclinic.cl\/index.php\/tecnologia-estetica\/"]}]},{"@type":"BreadcrumbList","@id":"https:\/\/www.buddhaclinic.cl\/index.php\/tecnologia-estetica\/#breadcrumb","itemListElement":[{"@type":"ListItem","position":1,"name":"Portada","item":"https:\/\/www.buddhaclinic.cl\/"},{"@type":"ListItem","position":2,"name":"Tecnolog\u00eda Est\u00e9tica"}]},{"@type":"WebSite","@id":"https:\/\/www.buddhaclinic.cl\/#website","url":"https:\/\/www.buddhaclinic.cl\/","name":"buddhacliniccl","description":"","potentialAction":[{"@type":"SearchAction","target":{"@type":"EntryPoint","urlTemplate":"https:\/\/www.buddhaclinic.cl\/?s={search_term_string}"},"query-input":{"@type":"PropertyValueSpecification","valueRequired":true,"valueName":"search_term_string"}}],"inLanguage":"es"}]}},"_links":{"self":[{"href":"https:\/\/www.buddhaclinic.cl\/index.php\/wp-json\/wp\/v2\/pages\/38","targetHints":{"allow":["GET"]}}],"collection":[{"href":"https:\/\/www.buddhaclinic.cl\/index.php\/wp-json\/wp\/v2\/pages"}],"about":[{"href":"https:\/\/www.buddhaclinic.cl\/index.php\/wp-json\/wp\/v2\/types\/page"}],"author":[{"embeddable":true,"href":"https:\/\/www.buddhaclinic.cl\/index.php\/wp-json\/wp\/v2\/users\/1"}],"replies":[{"embeddable":true,"href":"https:\/\/www.buddhaclinic.cl\/index.php\/wp-json\/wp\/v2\/comments?post=38"}],"version-history":[{"count":8,"href":"https:\/\/www.buddhaclinic.cl\/index.php\/wp-json\/wp\/v2\/pages\/38\/revisions"}],"predecessor-version":[{"id":426,"href":"https:\/\/www.buddhaclinic.cl\/index.php\/wp-json\/wp\/v2\/pages\/38\/revisions\/426"}],"wp:attachment":[{"href":"https:\/\/www.buddhaclinic.cl\/index.php\/wp-json\/wp\/v2\/media?parent=38"}],"curies":[{"name":"wp","href":"https:\/\/api.w.org\/{rel}","templated":true}]}}