{"id":16,"date":"2025-04-17T18:53:48","date_gmt":"2025-04-17T21:53:48","guid":{"rendered":"http:\/\/buddhaclinic.cl.portalesdenegocios.com\/?page_id=16"},"modified":"2025-04-22T17:52:14","modified_gmt":"2025-04-22T20:52:14","slug":"por-que-elegirnos","status":"publish","type":"page","link":"https:\/\/www.buddhaclinic.cl\/index.php\/por-que-elegirnos\/","title":{"rendered":"\u00bfPor qu\u00e9 elegirnos?"},"content":{"rendered":"<p>[et_pb_section fb_built=\u00bb1&#8243; next_background_color=\u00bb#ffffff\u00bb _builder_version=\u00bb4.24.2&#8243; _module_preset=\u00bbdefault\u00bb background_image=\u00bbhttps:\/\/www.buddhaclinic.cl\/wp-content\/uploads\/2025\/04\/Somos-2.jpg\u00bb background_position=\u00bbtop_center\u00bb custom_padding=\u00bb||136px|||\u00bb bottom_divider_style=\u00bbwave2&#8243; global_colors_info=\u00bb{}\u00bb theme_builder_area=\u00bbpost_content\u00bb][\/et_pb_section][et_pb_section fb_built=\u00bb1&#8243; _builder_version=\u00bb4.24.2&#8243; _module_preset=\u00bbdefault\u00bb custom_padding=\u00bb0px|||||\u00bb global_colors_info=\u00bb{}\u00bb theme_builder_area=\u00bbpost_content\u00bb][et_pb_row _builder_version=\u00bb4.24.2&#8243; _module_preset=\u00bbdefault\u00bb global_colors_info=\u00bb{}\u00bb theme_builder_area=\u00bbpost_content\u00bb][et_pb_column type=\u00bb4_4&#8243; _builder_version=\u00bb4.24.2&#8243; _module_preset=\u00bbdefault\u00bb global_colors_info=\u00bb{}\u00bb theme_builder_area=\u00bbpost_content\u00bb][et_pb_text _builder_version=\u00bb4.24.2&#8243; _module_preset=\u00bbdefault\u00bb text_font=\u00bbNunito||||||||\u00bb hover_enabled=\u00bb0&#8243; global_colors_info=\u00bb{}\u00bb theme_builder_area=\u00bbpost_content\u00bb sticky_enabled=\u00bb0&#8243;]<\/p>\n<p><span style=\"color: #000000; font-size: 18px;\"><a href=\"https:\/\/www.buddhaclinic.cl\/\" style=\"color: #000000;\"><strong>Inicio<\/strong> <\/a><\/span>\/ \u00bfPor qu\u00e9 elegirnos?<\/p>\n<p>[\/et_pb_text][et_pb_text _builder_version=\u00bb4.24.2&#8243; _module_preset=\u00bbdefault\u00bb header_font=\u00bbMontserrat|700||on|||||\u00bb header_text_color=\u00bb#000000&#8243; hover_enabled=\u00bb0&#8243; global_colors_info=\u00bb{}\u00bb theme_builder_area=\u00bbpost_content\u00bb sticky_enabled=\u00bb0&#8243;]<\/p>\n<h1>\u00bfPor qu\u00e9 elegirnos?<\/h1>\n<p>[\/et_pb_text][et_pb_divider color=\u00bbrgba(0,0,0,0.32)\u00bb _builder_version=\u00bb4.24.2&#8243; _module_preset=\u00bbdefault\u00bb hover_enabled=\u00bb0&#8243; global_colors_info=\u00bb{}\u00bb theme_builder_area=\u00bbpost_content\u00bb sticky_enabled=\u00bb0&#8243;][\/et_pb_divider][et_pb_blurb title=\u00bbUbicaci\u00f3n exclusiva: \u00bb image=\u00bbhttps:\/\/www.buddhaclinic.cl\/wp-content\/uploads\/2025\/04\/mapa-1.png\u00bb _builder_version=\u00bb4.24.2&#8243; _module_preset=\u00bbdefault\u00bb header_font=\u00bbMontserrat|700||on|||||\u00bb header_text_align=\u00bbleft\u00bb header_text_color=\u00bb#000000&#8243; header_line_height=\u00bb1.2em\u00bb body_font=\u00bbNunito|300|||||||\u00bb body_text_align=\u00bbleft\u00bb body_text_color=\u00bb#000000&#8243; body_font_size=\u00bb16px\u00bb hover_enabled=\u00bb0&#8243; global_colors_info=\u00bb{}\u00bb theme_builder_area=\u00bbpost_content\u00bb content_max_width=\u00bb1100px\u00bb title_text=\u00bbmapa (1)\u00bb icon_placement=\u00bbleft\u00bb sticky_enabled=\u00bb0&#8243; border_width_bottom=\u00bb1px\u00bb border_color_all=\u00bbrgba(0,0,0,0.32)\u00bb custom_padding=\u00bb||12px||false|false\u00bb]<\/p>\n<p>En el Hotel Marriott Santiago. Un entorno sofisticado para una experiencia a la altura de tu plenitud.<\/p>\n<p>[\/et_pb_blurb][et_pb_blurb title=\u00bbPerfecci\u00f3n con garant\u00eda:\u00bb image=\u00bbhttps:\/\/www.buddhaclinic.cl\/wp-content\/uploads\/2025\/04\/seguro-de-calidad.png\u00bb _builder_version=\u00bb4.24.2&#8243; _module_preset=\u00bbdefault\u00bb header_font=\u00bbMontserrat|700||on|||||\u00bb header_text_align=\u00bbleft\u00bb header_text_color=\u00bb#000000&#8243; header_line_height=\u00bb1.2em\u00bb body_font=\u00bbNunito|300|||||||\u00bb body_text_align=\u00bbleft\u00bb body_text_color=\u00bb#000000&#8243; body_font_size=\u00bb16px\u00bb hover_enabled=\u00bb0&#8243; global_colors_info=\u00bb{}\u00bb theme_builder_area=\u00bbpost_content\u00bb content_max_width=\u00bb1100px\u00bb title_text=\u00bbseguro-de-calidad\u00bb icon_placement=\u00bbleft\u00bb sticky_enabled=\u00bb0&#8243; border_width_bottom=\u00bb1px\u00bb border_color_all=\u00bbrgba(0,0,0,0.32)\u00bb custom_padding=\u00bb||12px||false|false\u00bb]<\/p>\n<p>Sin excesos, atajos, ni cirug\u00eda, con productos originales y desarrollo de \u00faltima generaci\u00f3n. Beneficios reales, seguros y de alto nivel, porque te mereces lo mejor.<\/p>\n<p>[\/et_pb_blurb][et_pb_blurb title=\u00bbSomos 360\u00b0:\u00bb image=\u00bbhttps:\/\/www.buddhaclinic.cl\/wp-content\/uploads\/2025\/04\/360-grados.png\u00bb _builder_version=\u00bb4.24.2&#8243; _module_preset=\u00bbdefault\u00bb header_font=\u00bbMontserrat|700||on|||||\u00bb header_text_align=\u00bbleft\u00bb header_text_color=\u00bb#000000&#8243; header_line_height=\u00bb1.2em\u00bb body_font=\u00bbNunito|300|||||||\u00bb body_text_align=\u00bbleft\u00bb body_text_color=\u00bb#000000&#8243; body_font_size=\u00bb16px\u00bb hover_enabled=\u00bb0&#8243; global_colors_info=\u00bb{}\u00bb theme_builder_area=\u00bbpost_content\u00bb content_max_width=\u00bb1100px\u00bb title_text=\u00bb360-grados\u00bb icon_placement=\u00bbleft\u00bb sticky_enabled=\u00bb0&#8243; border_width_bottom=\u00bb1px\u00bb border_color_all=\u00bbrgba(0,0,0,0.32)\u00bb custom_padding=\u00bb||12px||false|false\u00bb]<\/p>\n<p>Los mejores efectos nacen de un enfoque completo. Prevenir, regenerar, mantener y mejorar para rejuvenecer de manera org\u00e1nica y progresiva. Es nuestro ABC de excelencia.<\/p>\n<p>[\/et_pb_blurb][et_pb_blurb title=\u00bbCuerpo, mente y energ\u00eda:\u00bb image=\u00bbhttps:\/\/www.buddhaclinic.cl\/wp-content\/uploads\/2025\/04\/meditacion.png\u00bb _builder_version=\u00bb4.24.2&#8243; _module_preset=\u00bbdefault\u00bb header_font=\u00bbMontserrat|700||on|||||\u00bb header_text_align=\u00bbleft\u00bb header_text_color=\u00bb#000000&#8243; header_line_height=\u00bb1.2em\u00bb body_font=\u00bbNunito|300|||||||\u00bb body_text_align=\u00bbleft\u00bb body_text_color=\u00bb#000000&#8243; body_font_size=\u00bb16px\u00bb hover_enabled=\u00bb0&#8243; global_colors_info=\u00bb{}\u00bb theme_builder_area=\u00bbpost_content\u00bb content_max_width=\u00bb1100px\u00bb title_text=\u00bbmeditacion\u00bb icon_placement=\u00bbleft\u00bb sticky_enabled=\u00bb0&#8243; border_width_bottom=\u00bb1px\u00bb border_color_all=\u00bbrgba(0,0,0,0.32)\u00bb custom_padding=\u00bb||12px||false|false\u00bb]<\/p>\n<p>Unimos medicina est\u00e9tica y antiaging con un compromiso que trasciende la apariencia.<\/p>\n<p>[\/et_pb_blurb][et_pb_blurb title=\u00bbNuestro equipo:\u00bb image=\u00bbhttps:\/\/www.buddhaclinic.cl\/wp-content\/uploads\/2025\/04\/equipo.png\u00bb _builder_version=\u00bb4.24.2&#8243; _module_preset=\u00bbdefault\u00bb header_font=\u00bbMontserrat|700||on|||||\u00bb header_text_align=\u00bbleft\u00bb header_text_color=\u00bb#000000&#8243; header_line_height=\u00bb1.2em\u00bb body_font=\u00bbNunito|300|||||||\u00bb body_text_align=\u00bbleft\u00bb body_text_color=\u00bb#000000&#8243; body_font_size=\u00bb16px\u00bb hover_enabled=\u00bb0&#8243; global_colors_info=\u00bb{}\u00bb theme_builder_area=\u00bbpost_content\u00bb content_max_width=\u00bb1100px\u00bb title_text=\u00bbequipo\u00bb icon_placement=\u00bbleft\u00bb sticky_enabled=\u00bb0&#8243; border_width_bottom=\u00bb1px\u00bb border_color_all=\u00bbrgba(0,0,0,0.32)\u00bb custom_padding=\u00bb||12px||false|false\u00bb]<\/p>\n<p>Especialistas en optimizaci\u00f3n celular, m\u00e9dicos, cosmet\u00f3logos, kinesi\u00f3logos dermato-funcionales y cirujanos dentistas.<\/p>\n<p>[\/et_pb_blurb][et_pb_blurb title=\u00bbEleva tu vitalidad de manera profunda:\u00bb image=\u00bbhttps:\/\/www.buddhaclinic.cl\/wp-content\/uploads\/2025\/04\/atencion-plena.png\u00bb _builder_version=\u00bb4.24.2&#8243; _module_preset=\u00bbdefault\u00bb header_font=\u00bbMontserrat|700||on|||||\u00bb header_text_align=\u00bbleft\u00bb header_text_color=\u00bb#000000&#8243; header_line_height=\u00bb1.2em\u00bb body_font=\u00bbNunito|300|||||||\u00bb body_text_align=\u00bbleft\u00bb body_text_color=\u00bb#000000&#8243; body_font_size=\u00bb16px\u00bb hover_enabled=\u00bb0&#8243; global_colors_info=\u00bb{}\u00bb theme_builder_area=\u00bbpost_content\u00bb content_max_width=\u00bb1100px\u00bb title_text=\u00bbatencion-plena\u00bb icon_placement=\u00bbleft\u00bb sticky_enabled=\u00bb0&#8243; border_width_bottom=\u00bb1px\u00bb border_color_all=\u00bbrgba(0,0,0,0.32)\u00bb custom_padding=\u00bb||12px||false|false\u00bb]<\/p>\n<p>Aqu\u00ed, lo visible y lo esencial se encuentran: precisi\u00f3n t\u00e9cnica con mirada humana, ciencia con sensibilidad, refinamiento con conexi\u00f3n interior.<\/p>\n<p>[\/et_pb_blurb][et_pb_blurb title=\u00bbVamos de adentro hacia afuera:\u00bb image=\u00bbhttps:\/\/www.buddhaclinic.cl\/wp-content\/uploads\/2025\/04\/loto.png\u00bb _builder_version=\u00bb4.24.2&#8243; _module_preset=\u00bbdefault\u00bb header_font=\u00bbMontserrat|700||on|||||\u00bb header_text_align=\u00bbleft\u00bb header_text_color=\u00bb#000000&#8243; header_line_height=\u00bb1.2em\u00bb body_font=\u00bbNunito|300|||||||\u00bb body_text_align=\u00bbleft\u00bb body_text_color=\u00bb#000000&#8243; body_font_size=\u00bb16px\u00bb hover_enabled=\u00bb0&#8243; global_colors_info=\u00bb{}\u00bb theme_builder_area=\u00bbpost_content\u00bb content_max_width=\u00bb1100px\u00bb title_text=\u00bbloto\u00bb icon_placement=\u00bbleft\u00bb sticky_enabled=\u00bb0&#8243; border_width_bottom=\u00bb1px\u00bb border_color_all=\u00bbrgba(0,0,0,0.32)\u00bb custom_padding=\u00bb||12px||false|false\u00bb]<\/p>\n<p>La distinci\u00f3n empieza en lo que se siente y se proyecta en cada detalle. Nuestra visi\u00f3n hol\u00edstica vincula salud e imagen. Tratamos arrugas, flacidez y la calidad de la piel, los m\u00fasculos y la estructura facial. Protegemos lo que se ve, fortalecemos qui\u00e9n eres.<\/p>\n<p>[\/et_pb_blurb][et_pb_blurb title=\u00bbBienvenido(a), al club del amor propio:\u00bb image=\u00bbhttps:\/\/www.buddhaclinic.cl\/wp-content\/uploads\/2025\/04\/exito.png\u00bb _builder_version=\u00bb4.24.2&#8243; _module_preset=\u00bbdefault\u00bb header_font=\u00bbMontserrat|700||on|||||\u00bb header_text_align=\u00bbleft\u00bb header_text_color=\u00bb#000000&#8243; header_line_height=\u00bb1.2em\u00bb body_font=\u00bbNunito|300|||||||\u00bb body_text_align=\u00bbleft\u00bb body_text_color=\u00bb#000000&#8243; body_font_size=\u00bb16px\u00bb hover_enabled=\u00bb0&#8243; global_colors_info=\u00bb{}\u00bb theme_builder_area=\u00bbpost_content\u00bb content_max_width=\u00bb1100px\u00bb title_text=\u00bbexito\u00bb icon_placement=\u00bbleft\u00bb sticky_enabled=\u00bb0&#8243; border_width_bottom=\u00bb1px\u00bb border_color_all=\u00bbrgba(0,0,0,0.32)\u00bb custom_padding=\u00bb||12px||false|false\u00bb]<\/p>\n<p>Aqu\u00ed te conocemos y entendemos. Escuchamos lo que buscas y te ofrecemos lo que necesitas con profesionalismo y buena energ\u00eda. C\u00e1lidos, humanos y cercanos, as\u00ed somos.<\/p>\n<p>[\/et_pb_blurb][\/et_pb_column][\/et_pb_row][et_pb_row _builder_version=\u00bb4.24.2&#8243; _module_preset=\u00bbdefault\u00bb global_colors_info=\u00bb{}\u00bb theme_builder_area=\u00bbpost_content\u00bb][et_pb_column type=\u00bb4_4&#8243; _builder_version=\u00bb4.24.2&#8243; _module_preset=\u00bbdefault\u00bb global_colors_info=\u00bb{}\u00bb theme_builder_area=\u00bbpost_content\u00bb][\/et_pb_column][\/et_pb_row][\/et_pb_section]<\/p>\n","protected":false},"excerpt":{"rendered":"<p>Inicio \/ \u00bfPor qu\u00e9 elegirnos?\u00bfPor qu\u00e9 elegirnos?En el Hotel Marriott Santiago. Un entorno sofisticado para una experiencia a la altura de tu plenitud.Sin excesos, atajos, ni cirug\u00eda, con productos originales y desarrollo de \u00faltima generaci\u00f3n. Beneficios reales, seguros y de alto nivel, porque te mereces lo mejor.Los mejores efectos nacen de un enfoque completo. Prevenir, [&hellip;]<\/p>\n","protected":false},"author":1,"featured_media":0,"parent":0,"menu_order":0,"comment_status":"closed","ping_status":"closed","template":"","meta":{"_et_pb_use_builder":"on","_et_pb_old_content":"<!-- wp:divi\/placeholder \/-->","_et_gb_content_width":"","footnotes":""},"class_list":["post-16","page","type-page","status-publish","hentry"],"yoast_head":"<!-- This site is optimized with the Yoast SEO plugin v27.3 - https:\/\/yoast.com\/product\/yoast-seo-wordpress\/ -->\n<title>\u00bfPor qu\u00e9 elegirnos? - buddhacliniccl<\/title>\n<meta name=\"robots\" content=\"index, follow, max-snippet:-1, max-image-preview:large, max-video-preview:-1\" \/>\n<link rel=\"canonical\" href=\"https:\/\/www.buddhaclinic.cl\/index.php\/por-que-elegirnos\/\" \/>\n<meta property=\"og:locale\" content=\"es_ES\" \/>\n<meta property=\"og:type\" content=\"article\" \/>\n<meta property=\"og:title\" content=\"\u00bfPor qu\u00e9 elegirnos? - buddhacliniccl\" \/>\n<meta property=\"og:description\" content=\"Inicio \/ \u00bfPor qu\u00e9 elegirnos?\u00bfPor qu\u00e9 elegirnos?En el Hotel Marriott Santiago. Un entorno sofisticado para una experiencia a la altura de tu plenitud.Sin excesos, atajos, ni cirug\u00eda, con productos originales y desarrollo de \u00faltima generaci\u00f3n. Beneficios reales, seguros y de alto nivel, porque te mereces lo mejor.Los mejores efectos nacen de un enfoque completo. Prevenir, [&hellip;]\" \/>\n<meta property=\"og:url\" content=\"https:\/\/www.buddhaclinic.cl\/index.php\/por-que-elegirnos\/\" \/>\n<meta property=\"og:site_name\" content=\"buddhacliniccl\" \/>\n<meta property=\"article:modified_time\" content=\"2025-04-22T20:52:14+00:00\" \/>\n<meta name=\"twitter:card\" content=\"summary_large_image\" \/>\n<meta name=\"twitter:label1\" content=\"Tiempo de lectura\" \/>\n\t<meta name=\"twitter:data1\" content=\"6 minutos\" \/>\n<script type=\"application\/ld+json\" class=\"yoast-schema-graph\">{\"@context\":\"https:\\\/\\\/schema.org\",\"@graph\":[{\"@type\":\"WebPage\",\"@id\":\"https:\\\/\\\/www.buddhaclinic.cl\\\/index.php\\\/por-que-elegirnos\\\/\",\"url\":\"https:\\\/\\\/www.buddhaclinic.cl\\\/index.php\\\/por-que-elegirnos\\\/\",\"name\":\"\u00bfPor qu\u00e9 elegirnos? - buddhacliniccl\",\"isPartOf\":{\"@id\":\"https:\\\/\\\/www.buddhaclinic.cl\\\/#website\"},\"datePublished\":\"2025-04-17T21:53:48+00:00\",\"dateModified\":\"2025-04-22T20:52:14+00:00\",\"breadcrumb\":{\"@id\":\"https:\\\/\\\/www.buddhaclinic.cl\\\/index.php\\\/por-que-elegirnos\\\/#breadcrumb\"},\"inLanguage\":\"es\",\"potentialAction\":[{\"@type\":\"ReadAction\",\"target\":[\"https:\\\/\\\/www.buddhaclinic.cl\\\/index.php\\\/por-que-elegirnos\\\/\"]}]},{\"@type\":\"BreadcrumbList\",\"@id\":\"https:\\\/\\\/www.buddhaclinic.cl\\\/index.php\\\/por-que-elegirnos\\\/#breadcrumb\",\"itemListElement\":[{\"@type\":\"ListItem\",\"position\":1,\"name\":\"Portada\",\"item\":\"https:\\\/\\\/www.buddhaclinic.cl\\\/\"},{\"@type\":\"ListItem\",\"position\":2,\"name\":\"\u00bfPor qu\u00e9 elegirnos?\"}]},{\"@type\":\"WebSite\",\"@id\":\"https:\\\/\\\/www.buddhaclinic.cl\\\/#website\",\"url\":\"https:\\\/\\\/www.buddhaclinic.cl\\\/\",\"name\":\"buddhacliniccl\",\"description\":\"\",\"potentialAction\":[{\"@type\":\"SearchAction\",\"target\":{\"@type\":\"EntryPoint\",\"urlTemplate\":\"https:\\\/\\\/www.buddhaclinic.cl\\\/?s={search_term_string}\"},\"query-input\":{\"@type\":\"PropertyValueSpecification\",\"valueRequired\":true,\"valueName\":\"search_term_string\"}}],\"inLanguage\":\"es\"}]}<\/script>\n<!-- \/ Yoast SEO plugin. -->","yoast_head_json":{"title":"\u00bfPor qu\u00e9 elegirnos? - buddhacliniccl","robots":{"index":"index","follow":"follow","max-snippet":"max-snippet:-1","max-image-preview":"max-image-preview:large","max-video-preview":"max-video-preview:-1"},"canonical":"https:\/\/www.buddhaclinic.cl\/index.php\/por-que-elegirnos\/","og_locale":"es_ES","og_type":"article","og_title":"\u00bfPor qu\u00e9 elegirnos? - buddhacliniccl","og_description":"Inicio \/ \u00bfPor qu\u00e9 elegirnos?\u00bfPor qu\u00e9 elegirnos?En el Hotel Marriott Santiago. Un entorno sofisticado para una experiencia a la altura de tu plenitud.Sin excesos, atajos, ni cirug\u00eda, con productos originales y desarrollo de \u00faltima generaci\u00f3n. Beneficios reales, seguros y de alto nivel, porque te mereces lo mejor.Los mejores efectos nacen de un enfoque completo. Prevenir, [&hellip;]","og_url":"https:\/\/www.buddhaclinic.cl\/index.php\/por-que-elegirnos\/","og_site_name":"buddhacliniccl","article_modified_time":"2025-04-22T20:52:14+00:00","twitter_card":"summary_large_image","twitter_misc":{"Tiempo de lectura":"6 minutos"},"schema":{"@context":"https:\/\/schema.org","@graph":[{"@type":"WebPage","@id":"https:\/\/www.buddhaclinic.cl\/index.php\/por-que-elegirnos\/","url":"https:\/\/www.buddhaclinic.cl\/index.php\/por-que-elegirnos\/","name":"\u00bfPor qu\u00e9 elegirnos? - buddhacliniccl","isPartOf":{"@id":"https:\/\/www.buddhaclinic.cl\/#website"},"datePublished":"2025-04-17T21:53:48+00:00","dateModified":"2025-04-22T20:52:14+00:00","breadcrumb":{"@id":"https:\/\/www.buddhaclinic.cl\/index.php\/por-que-elegirnos\/#breadcrumb"},"inLanguage":"es","potentialAction":[{"@type":"ReadAction","target":["https:\/\/www.buddhaclinic.cl\/index.php\/por-que-elegirnos\/"]}]},{"@type":"BreadcrumbList","@id":"https:\/\/www.buddhaclinic.cl\/index.php\/por-que-elegirnos\/#breadcrumb","itemListElement":[{"@type":"ListItem","position":1,"name":"Portada","item":"https:\/\/www.buddhaclinic.cl\/"},{"@type":"ListItem","position":2,"name":"\u00bfPor qu\u00e9 elegirnos?"}]},{"@type":"WebSite","@id":"https:\/\/www.buddhaclinic.cl\/#website","url":"https:\/\/www.buddhaclinic.cl\/","name":"buddhacliniccl","description":"","potentialAction":[{"@type":"SearchAction","target":{"@type":"EntryPoint","urlTemplate":"https:\/\/www.buddhaclinic.cl\/?s={search_term_string}"},"query-input":{"@type":"PropertyValueSpecification","valueRequired":true,"valueName":"search_term_string"}}],"inLanguage":"es"}]}},"_links":{"self":[{"href":"https:\/\/www.buddhaclinic.cl\/index.php\/wp-json\/wp\/v2\/pages\/16","targetHints":{"allow":["GET"]}}],"collection":[{"href":"https:\/\/www.buddhaclinic.cl\/index.php\/wp-json\/wp\/v2\/pages"}],"about":[{"href":"https:\/\/www.buddhaclinic.cl\/index.php\/wp-json\/wp\/v2\/types\/page"}],"author":[{"embeddable":true,"href":"https:\/\/www.buddhaclinic.cl\/index.php\/wp-json\/wp\/v2\/users\/1"}],"replies":[{"embeddable":true,"href":"https:\/\/www.buddhaclinic.cl\/index.php\/wp-json\/wp\/v2\/comments?post=16"}],"version-history":[{"count":3,"href":"https:\/\/www.buddhaclinic.cl\/index.php\/wp-json\/wp\/v2\/pages\/16\/revisions"}],"predecessor-version":[{"id":177,"href":"https:\/\/www.buddhaclinic.cl\/index.php\/wp-json\/wp\/v2\/pages\/16\/revisions\/177"}],"wp:attachment":[{"href":"https:\/\/www.buddhaclinic.cl\/index.php\/wp-json\/wp\/v2\/media?parent=16"}],"curies":[{"name":"wp","href":"https:\/\/api.w.org\/{rel}","templated":true}]}}