{"id":14,"date":"2025-04-17T18:53:38","date_gmt":"2025-04-17T21:53:38","guid":{"rendered":"http:\/\/buddhaclinic.cl.portalesdenegocios.com\/?page_id=14"},"modified":"2025-04-22T17:29:12","modified_gmt":"2025-04-22T20:29:12","slug":"nuestros-valores","status":"publish","type":"page","link":"https:\/\/www.buddhaclinic.cl\/index.php\/nuestros-valores\/","title":{"rendered":"Nuestros Valores"},"content":{"rendered":"<p>[et_pb_section fb_built=\u00bb1&#8243; next_background_color=\u00bb#ffffff\u00bb _builder_version=\u00bb4.24.2&#8243; _module_preset=\u00bbdefault\u00bb background_image=\u00bbhttps:\/\/www.buddhaclinic.cl\/wp-content\/uploads\/2025\/04\/Somos-2.jpg\u00bb background_position=\u00bbtop_center\u00bb custom_padding=\u00bb||136px|||\u00bb bottom_divider_style=\u00bbwave2&#8243; global_colors_info=\u00bb{}\u00bb theme_builder_area=\u00bbpost_content\u00bb][\/et_pb_section][et_pb_section fb_built=\u00bb1&#8243; _builder_version=\u00bb4.24.2&#8243; _module_preset=\u00bbdefault\u00bb custom_padding=\u00bb0px|||||\u00bb global_colors_info=\u00bb{}\u00bb theme_builder_area=\u00bbpost_content\u00bb][et_pb_row column_structure=\u00bb1_2,1_2&#8243; _builder_version=\u00bb4.24.2&#8243; _module_preset=\u00bbdefault\u00bb global_colors_info=\u00bb{}\u00bb theme_builder_area=\u00bbpost_content\u00bb][et_pb_column type=\u00bb1_2&#8243; _builder_version=\u00bb4.24.2&#8243; _module_preset=\u00bbdefault\u00bb global_colors_info=\u00bb{}\u00bb theme_builder_area=\u00bbpost_content\u00bb][et_pb_text _builder_version=\u00bb4.24.2&#8243; _module_preset=\u00bbdefault\u00bb text_font=\u00bbNunito||||||||\u00bb hover_enabled=\u00bb0&#8243; global_colors_info=\u00bb{}\u00bb theme_builder_area=\u00bbpost_content\u00bb sticky_enabled=\u00bb0&#8243;]<\/p>\n<p><span style=\"color: #000000; font-size: 18px;\"><a href=\"https:\/\/www.buddhaclinic.cl\/\" style=\"color: #000000;\"><strong>Inicio<\/strong> <\/a><\/span>\/ Nuestros valores<\/p>\n<p>[\/et_pb_text][et_pb_text _builder_version=\u00bb4.24.2&#8243; _module_preset=\u00bbdefault\u00bb header_font=\u00bbMontserrat|700||on|||||\u00bb header_text_color=\u00bb#000000&#8243; hover_enabled=\u00bb0&#8243; global_colors_info=\u00bb{}\u00bb theme_builder_area=\u00bbpost_content\u00bb sticky_enabled=\u00bb0&#8243;]<\/p>\n<h1>NUESTROS VALORES<\/h1>\n<p>[\/et_pb_text][\/et_pb_column][et_pb_column type=\u00bb1_2&#8243; _builder_version=\u00bb4.24.2&#8243; _module_preset=\u00bbdefault\u00bb global_colors_info=\u00bb{}\u00bb theme_builder_area=\u00bbpost_content\u00bb][\/et_pb_column][\/et_pb_row][et_pb_row column_structure=\u00bb1_2,1_2&#8243; _builder_version=\u00bb4.24.2&#8243; _module_preset=\u00bbdefault\u00bb global_colors_info=\u00bb{}\u00bb theme_builder_area=\u00bbpost_content\u00bb][et_pb_column type=\u00bb1_2&#8243; _builder_version=\u00bb4.24.2&#8243; _module_preset=\u00bbdefault\u00bb global_colors_info=\u00bb{}\u00bb theme_builder_area=\u00bbpost_content\u00bb][et_pb_image src=\u00bbhttps:\/\/www.buddhaclinic.cl\/wp-content\/uploads\/2025\/04\/2148098503.jpg\u00bb title_text=\u00bb2148098503&#8243; _builder_version=\u00bb4.24.2&#8243; _module_preset=\u00bbdefault\u00bb hover_enabled=\u00bb0&#8243; global_colors_info=\u00bb{}\u00bb theme_builder_area=\u00bbpost_content\u00bb sticky_enabled=\u00bb0&#8243;][\/et_pb_image][\/et_pb_column][et_pb_column type=\u00bb1_2&#8243; _builder_version=\u00bb4.24.2&#8243; _module_preset=\u00bbdefault\u00bb global_colors_info=\u00bb{}\u00bb theme_builder_area=\u00bbpost_content\u00bb][et_pb_text _builder_version=\u00bb4.24.2&#8243; _module_preset=\u00bbdefault\u00bb text_font=\u00bbNunito|300|||||||\u00bb text_font_size=\u00bb16px\u00bb header_2_font=\u00bbMontserrat|700|||||||\u00bb header_2_text_color=\u00bb#000000&#8243; header_2_line_height=\u00bb1.2em\u00bb custom_margin=\u00bb42px||15px|||\u00bb hover_enabled=\u00bb0&#8243; global_colors_info=\u00bb{}\u00bb theme_builder_area=\u00bbpost_content\u00bb sticky_enabled=\u00bb0&#8243;]<\/p>\n<h2>Nuestros valores: La esencia de Buddha Clinic<\/h2>\n<p>[\/et_pb_text][et_pb_divider color=\u00bbrgba(0,0,0,0.32)\u00bb _builder_version=\u00bb4.24.2&#8243; _module_preset=\u00bbdefault\u00bb global_colors_info=\u00bb{}\u00bb theme_builder_area=\u00bbpost_content\u00bb][\/et_pb_divider][et_pb_text _builder_version=\u00bb4.24.2&#8243; _module_preset=\u00bbdefault\u00bb text_font=\u00bbNunito|300|||||||\u00bb text_font_size=\u00bb16px\u00bb text_line_height=\u00bb1.6em\u00bb hover_enabled=\u00bb0&#8243; global_colors_info=\u00bb{}\u00bb theme_builder_area=\u00bbpost_content\u00bb sticky_enabled=\u00bb0&#8243;]<\/p>\n<p><strong>No creemos en soluciones r\u00e1pidas<\/strong> ni en tendencias fugaces. Lo que hacemos es un compromiso con la exactitud, la seguridad y la confianza. As\u00ed honramos nuestra profesi\u00f3n.<\/p>\n<p>[\/et_pb_text][\/et_pb_column][\/et_pb_row][\/et_pb_section][et_pb_section fb_built=\u00bb1&#8243; theme_builder_area=\u00bbpost_content\u00bb _builder_version=\u00bb4.24.2&#8243; _module_preset=\u00bbdefault\u00bb background_color=\u00bb#f4f4f4&#8243; hover_enabled=\u00bb0&#8243; sticky_enabled=\u00bb0&#8243;][et_pb_row column_structure=\u00bb1_4,1_4,1_4,1_4&#8243; make_equal=\u00bbon\u00bb _builder_version=\u00bb4.24.2&#8243; _module_preset=\u00bbdefault\u00bb max_width=\u00bb100%\u00bb hover_enabled=\u00bb0&#8243; global_colors_info=\u00bb{}\u00bb theme_builder_area=\u00bbpost_content\u00bb sticky_enabled=\u00bb0&#8243; width=\u00bb90%\u00bb][et_pb_column type=\u00bb1_4&#8243; _builder_version=\u00bb4.24.2&#8243; _module_preset=\u00bbdefault\u00bb background_color=\u00bb#FFFFFF\u00bb custom_padding=\u00bb4%|3%|4%|3%|true|true\u00bb box_shadow_style=\u00bbpreset3&#8243; global_colors_info=\u00bb{}\u00bb theme_builder_area=\u00bbpost_content\u00bb][et_pb_blurb title=\u00bbBelleza aut\u00e9ntica y sofisticada \u00bb image=\u00bbhttps:\/\/www.buddhaclinic.cl\/wp-content\/uploads\/2025\/04\/ingredientes-naturales.png\u00bb icon_alignment=\u00bbleft\u00bb _builder_version=\u00bb4.24.2&#8243; _module_preset=\u00bbdefault\u00bb header_font=\u00bbMontserrat|700||on|||||\u00bb header_text_align=\u00bbleft\u00bb header_text_color=\u00bb#000000&#8243; header_line_height=\u00bb1.2em\u00bb body_font=\u00bbNunito|300|||||||\u00bb body_text_align=\u00bbleft\u00bb body_text_color=\u00bb#000000&#8243; body_font_size=\u00bb16px\u00bb hover_enabled=\u00bb0&#8243; global_colors_info=\u00bb{}\u00bb theme_builder_area=\u00bbpost_content\u00bb sticky_enabled=\u00bb0&#8243; title_text=\u00bbingredientes-naturales\u00bb]<\/p>\n<p>Respetamos la individualidad y potenciamos lo que te hace \u00fanico.<\/p>\n<p>[\/et_pb_blurb][\/et_pb_column][et_pb_column type=\u00bb1_4&#8243; _builder_version=\u00bb4.24.2&#8243; _module_preset=\u00bbdefault\u00bb background_color=\u00bb#FFFFFF\u00bb custom_padding=\u00bb4%|3%|4%|3%|true|true\u00bb box_shadow_style=\u00bbpreset3&#8243; global_colors_info=\u00bb{}\u00bb theme_builder_area=\u00bbpost_content\u00bb][et_pb_blurb title=\u00bbCiencia y tecnolog\u00eda de vanguardia \u00bb image=\u00bbhttps:\/\/www.buddhaclinic.cl\/wp-content\/uploads\/2025\/04\/ciencia-y-tecnologia.png\u00bb icon_alignment=\u00bbleft\u00bb _builder_version=\u00bb4.24.2&#8243; _module_preset=\u00bbdefault\u00bb header_font=\u00bbMontserrat|700||on|||||\u00bb header_text_align=\u00bbleft\u00bb header_text_color=\u00bb#000000&#8243; header_line_height=\u00bb1.2em\u00bb body_font=\u00bbNunito|300|||||||\u00bb body_text_align=\u00bbleft\u00bb body_text_color=\u00bb#000000&#8243; body_font_size=\u00bb16px\u00bb hover_enabled=\u00bb0&#8243; global_colors_info=\u00bb{}\u00bb theme_builder_area=\u00bbpost_content\u00bb sticky_enabled=\u00bb0&#8243; title_text=\u00bbciencia-y-tecnologia\u00bb]<\/p>\n<p>Innovamos con criterio. Resultados reales y de calidad.<\/p>\n<p>[\/et_pb_blurb][\/et_pb_column][et_pb_column type=\u00bb1_4&#8243; _builder_version=\u00bb4.24.2&#8243; _module_preset=\u00bbdefault\u00bb background_color=\u00bb#FFFFFF\u00bb custom_padding=\u00bb4%|3%|4%|3%|true|true\u00bb box_shadow_style=\u00bbpreset3&#8243; global_colors_info=\u00bb{}\u00bb theme_builder_area=\u00bbpost_content\u00bb][et_pb_blurb title=\u00bbPersonalizaci\u00f3n \u00bb image=\u00bbhttps:\/\/www.buddhaclinic.cl\/wp-content\/uploads\/2025\/04\/flor.png\u00bb icon_alignment=\u00bbleft\u00bb _builder_version=\u00bb4.24.2&#8243; _module_preset=\u00bbdefault\u00bb header_font=\u00bbMontserrat|700||on|||||\u00bb header_text_align=\u00bbleft\u00bb header_text_color=\u00bb#000000&#8243; header_line_height=\u00bb1.2em\u00bb body_font=\u00bbNunito|300|||||||\u00bb body_text_align=\u00bbleft\u00bb body_text_color=\u00bb#000000&#8243; body_font_size=\u00bb16px\u00bb hover_enabled=\u00bb0&#8243; global_colors_info=\u00bb{}\u00bb theme_builder_area=\u00bbpost_content\u00bb sticky_enabled=\u00bb0&#8243; title_text=\u00bbflor\u00bb]<\/p>\n<p>No hay recetas universales. Escuchar, evaluar y crear a medida no es un lujo, es nuestro est\u00e1ndar.<\/p>\n<p>[\/et_pb_blurb][\/et_pb_column][et_pb_column type=\u00bb1_4&#8243; _builder_version=\u00bb4.24.2&#8243; _module_preset=\u00bbdefault\u00bb background_color=\u00bb#FFFFFF\u00bb custom_padding=\u00bb4%|3%|4%|3%|true|true\u00bb box_shadow_style=\u00bbpreset3&#8243; global_colors_info=\u00bb{}\u00bb theme_builder_area=\u00bbpost_content\u00bb][et_pb_blurb title=\u00bbConfianza y calidez \u00bb image=\u00bbhttps:\/\/www.buddhaclinic.cl\/wp-content\/uploads\/2025\/04\/spa.png\u00bb icon_alignment=\u00bbleft\u00bb _builder_version=\u00bb4.24.2&#8243; _module_preset=\u00bbdefault\u00bb header_font=\u00bbMontserrat|700||on|||||\u00bb header_text_align=\u00bbleft\u00bb header_text_color=\u00bb#000000&#8243; header_line_height=\u00bb1.2em\u00bb body_font=\u00bbNunito|300|||||||\u00bb body_text_align=\u00bbleft\u00bb body_text_color=\u00bb#000000&#8243; body_font_size=\u00bb16px\u00bb hover_enabled=\u00bb0&#8243; global_colors_info=\u00bb{}\u00bb theme_builder_area=\u00bbpost_content\u00bb sticky_enabled=\u00bb0&#8243; title_text=\u00bbspa\u00bb]<\/p>\n<p>Queremos que sientas tranquilidad en cada visita. Profesionalismo con cercan\u00eda. Est\u00e1s en buenas manos.<\/p>\n<p>[\/et_pb_blurb][\/et_pb_column][\/et_pb_row][\/et_pb_section]<\/p>\n","protected":false},"excerpt":{"rendered":"<p>Inicio \/ Nuestros valoresNUESTROS VALORESNuestros valores: La esencia de Buddha ClinicNo creemos en soluciones r\u00e1pidas ni en tendencias fugaces. Lo que hacemos es un compromiso con la exactitud, la seguridad y la confianza. As\u00ed honramos nuestra profesi\u00f3n.Respetamos la individualidad y potenciamos lo que te hace \u00fanico.Innovamos con criterio. Resultados reales y de calidad.No hay recetas [&hellip;]<\/p>\n","protected":false},"author":1,"featured_media":0,"parent":0,"menu_order":0,"comment_status":"closed","ping_status":"closed","template":"","meta":{"_et_pb_use_builder":"on","_et_pb_old_content":"<!-- wp:divi\/placeholder \/-->","_et_gb_content_width":"","footnotes":""},"class_list":["post-14","page","type-page","status-publish","hentry"],"yoast_head":"<!-- This site is optimized with the Yoast SEO plugin v27.3 - https:\/\/yoast.com\/product\/yoast-seo-wordpress\/ -->\n<title>Nuestros Valores - buddhacliniccl<\/title>\n<meta name=\"robots\" content=\"index, follow, max-snippet:-1, max-image-preview:large, max-video-preview:-1\" \/>\n<link rel=\"canonical\" href=\"https:\/\/www.buddhaclinic.cl\/index.php\/nuestros-valores\/\" \/>\n<meta property=\"og:locale\" content=\"es_ES\" \/>\n<meta property=\"og:type\" content=\"article\" \/>\n<meta property=\"og:title\" content=\"Nuestros Valores - buddhacliniccl\" \/>\n<meta property=\"og:description\" content=\"Inicio \/ Nuestros valoresNUESTROS VALORESNuestros valores: La esencia de Buddha ClinicNo creemos en soluciones r\u00e1pidas ni en tendencias fugaces. Lo que hacemos es un compromiso con la exactitud, la seguridad y la confianza. As\u00ed honramos nuestra profesi\u00f3n.Respetamos la individualidad y potenciamos lo que te hace \u00fanico.Innovamos con criterio. Resultados reales y de calidad.No hay recetas [&hellip;]\" \/>\n<meta property=\"og:url\" content=\"https:\/\/www.buddhaclinic.cl\/index.php\/nuestros-valores\/\" \/>\n<meta property=\"og:site_name\" content=\"buddhacliniccl\" \/>\n<meta property=\"article:modified_time\" content=\"2025-04-22T20:29:12+00:00\" \/>\n<meta name=\"twitter:card\" content=\"summary_large_image\" \/>\n<meta name=\"twitter:label1\" content=\"Tiempo de lectura\" \/>\n\t<meta name=\"twitter:data1\" content=\"5 minutos\" \/>\n<script type=\"application\/ld+json\" class=\"yoast-schema-graph\">{\"@context\":\"https:\\\/\\\/schema.org\",\"@graph\":[{\"@type\":\"WebPage\",\"@id\":\"https:\\\/\\\/www.buddhaclinic.cl\\\/index.php\\\/nuestros-valores\\\/\",\"url\":\"https:\\\/\\\/www.buddhaclinic.cl\\\/index.php\\\/nuestros-valores\\\/\",\"name\":\"Nuestros Valores - buddhacliniccl\",\"isPartOf\":{\"@id\":\"https:\\\/\\\/www.buddhaclinic.cl\\\/#website\"},\"datePublished\":\"2025-04-17T21:53:38+00:00\",\"dateModified\":\"2025-04-22T20:29:12+00:00\",\"breadcrumb\":{\"@id\":\"https:\\\/\\\/www.buddhaclinic.cl\\\/index.php\\\/nuestros-valores\\\/#breadcrumb\"},\"inLanguage\":\"es\",\"potentialAction\":[{\"@type\":\"ReadAction\",\"target\":[\"https:\\\/\\\/www.buddhaclinic.cl\\\/index.php\\\/nuestros-valores\\\/\"]}]},{\"@type\":\"BreadcrumbList\",\"@id\":\"https:\\\/\\\/www.buddhaclinic.cl\\\/index.php\\\/nuestros-valores\\\/#breadcrumb\",\"itemListElement\":[{\"@type\":\"ListItem\",\"position\":1,\"name\":\"Portada\",\"item\":\"https:\\\/\\\/www.buddhaclinic.cl\\\/\"},{\"@type\":\"ListItem\",\"position\":2,\"name\":\"Nuestros Valores\"}]},{\"@type\":\"WebSite\",\"@id\":\"https:\\\/\\\/www.buddhaclinic.cl\\\/#website\",\"url\":\"https:\\\/\\\/www.buddhaclinic.cl\\\/\",\"name\":\"buddhacliniccl\",\"description\":\"\",\"potentialAction\":[{\"@type\":\"SearchAction\",\"target\":{\"@type\":\"EntryPoint\",\"urlTemplate\":\"https:\\\/\\\/www.buddhaclinic.cl\\\/?s={search_term_string}\"},\"query-input\":{\"@type\":\"PropertyValueSpecification\",\"valueRequired\":true,\"valueName\":\"search_term_string\"}}],\"inLanguage\":\"es\"}]}<\/script>\n<!-- \/ Yoast SEO plugin. -->","yoast_head_json":{"title":"Nuestros Valores - buddhacliniccl","robots":{"index":"index","follow":"follow","max-snippet":"max-snippet:-1","max-image-preview":"max-image-preview:large","max-video-preview":"max-video-preview:-1"},"canonical":"https:\/\/www.buddhaclinic.cl\/index.php\/nuestros-valores\/","og_locale":"es_ES","og_type":"article","og_title":"Nuestros Valores - buddhacliniccl","og_description":"Inicio \/ Nuestros valoresNUESTROS VALORESNuestros valores: La esencia de Buddha ClinicNo creemos en soluciones r\u00e1pidas ni en tendencias fugaces. Lo que hacemos es un compromiso con la exactitud, la seguridad y la confianza. As\u00ed honramos nuestra profesi\u00f3n.Respetamos la individualidad y potenciamos lo que te hace \u00fanico.Innovamos con criterio. Resultados reales y de calidad.No hay recetas [&hellip;]","og_url":"https:\/\/www.buddhaclinic.cl\/index.php\/nuestros-valores\/","og_site_name":"buddhacliniccl","article_modified_time":"2025-04-22T20:29:12+00:00","twitter_card":"summary_large_image","twitter_misc":{"Tiempo de lectura":"5 minutos"},"schema":{"@context":"https:\/\/schema.org","@graph":[{"@type":"WebPage","@id":"https:\/\/www.buddhaclinic.cl\/index.php\/nuestros-valores\/","url":"https:\/\/www.buddhaclinic.cl\/index.php\/nuestros-valores\/","name":"Nuestros Valores - buddhacliniccl","isPartOf":{"@id":"https:\/\/www.buddhaclinic.cl\/#website"},"datePublished":"2025-04-17T21:53:38+00:00","dateModified":"2025-04-22T20:29:12+00:00","breadcrumb":{"@id":"https:\/\/www.buddhaclinic.cl\/index.php\/nuestros-valores\/#breadcrumb"},"inLanguage":"es","potentialAction":[{"@type":"ReadAction","target":["https:\/\/www.buddhaclinic.cl\/index.php\/nuestros-valores\/"]}]},{"@type":"BreadcrumbList","@id":"https:\/\/www.buddhaclinic.cl\/index.php\/nuestros-valores\/#breadcrumb","itemListElement":[{"@type":"ListItem","position":1,"name":"Portada","item":"https:\/\/www.buddhaclinic.cl\/"},{"@type":"ListItem","position":2,"name":"Nuestros Valores"}]},{"@type":"WebSite","@id":"https:\/\/www.buddhaclinic.cl\/#website","url":"https:\/\/www.buddhaclinic.cl\/","name":"buddhacliniccl","description":"","potentialAction":[{"@type":"SearchAction","target":{"@type":"EntryPoint","urlTemplate":"https:\/\/www.buddhaclinic.cl\/?s={search_term_string}"},"query-input":{"@type":"PropertyValueSpecification","valueRequired":true,"valueName":"search_term_string"}}],"inLanguage":"es"}]}},"_links":{"self":[{"href":"https:\/\/www.buddhaclinic.cl\/index.php\/wp-json\/wp\/v2\/pages\/14","targetHints":{"allow":["GET"]}}],"collection":[{"href":"https:\/\/www.buddhaclinic.cl\/index.php\/wp-json\/wp\/v2\/pages"}],"about":[{"href":"https:\/\/www.buddhaclinic.cl\/index.php\/wp-json\/wp\/v2\/types\/page"}],"author":[{"embeddable":true,"href":"https:\/\/www.buddhaclinic.cl\/index.php\/wp-json\/wp\/v2\/users\/1"}],"replies":[{"embeddable":true,"href":"https:\/\/www.buddhaclinic.cl\/index.php\/wp-json\/wp\/v2\/comments?post=14"}],"version-history":[{"count":3,"href":"https:\/\/www.buddhaclinic.cl\/index.php\/wp-json\/wp\/v2\/pages\/14\/revisions"}],"predecessor-version":[{"id":165,"href":"https:\/\/www.buddhaclinic.cl\/index.php\/wp-json\/wp\/v2\/pages\/14\/revisions\/165"}],"wp:attachment":[{"href":"https:\/\/www.buddhaclinic.cl\/index.php\/wp-json\/wp\/v2\/media?parent=14"}],"curies":[{"name":"wp","href":"https:\/\/api.w.org\/{rel}","templated":true}]}}